{"id":1764,"date":"2025-09-03T15:15:18","date_gmt":"2025-09-03T13:15:18","guid":{"rendered":"https:\/\/tienda.myremedyum.pt\/?page_id=1764"},"modified":"2025-09-03T15:15:42","modified_gmt":"2025-09-03T13:15:42","slug":"envio-del-paquete","status":"publish","type":"page","link":"https:\/\/tienda.myremedyum.pt\/pt\/envio-del-paquete\/","title":{"rendered":"Envio do pacote"},"content":{"rendered":"<div data-elementor-type=\"wp-page\" data-elementor-id=\"1764\" class=\"elementor elementor-1764\">\n\t\t\t\t<div class=\"elementor-element elementor-element-c720a0a e-flex e-con-boxed wpr-sticky-section-no e-con e-parent\" data-id=\"c720a0a\" data-element_type=\"container\" data-settings=\"{&quot;background_background&quot;:&quot;classic&quot;}\">\n\t\t\t\t\t<div class=\"e-con-inner\">\n\t\t\t\t<div class=\"elementor-element elementor-element-bd0394a elementor-widget elementor-widget-heading\" data-id=\"bd0394a\" data-element_type=\"widget\" data-widget_type=\"heading.default\">\n\t\t\t\t\t<h1 class=\"elementor-heading-title elementor-size-default\">Envio do pacote\n<\/h1>\t\t\t\t<\/div>\n\t\t\t\t\t<\/div>\n\t\t\t\t<\/div>\n\t\t<div class=\"elementor-element elementor-element-35c428b e-flex e-con-boxed wpr-sticky-section-no e-con e-parent\" data-id=\"35c428b\" data-element_type=\"container\">\n\t\t\t\t\t<div class=\"e-con-inner\">\n\t\t\t\t<div class=\"elementor-element elementor-element-ecbd461 elementor-widget elementor-widget-text-editor\" data-id=\"ecbd461\" data-element_type=\"widget\" data-widget_type=\"text-editor.default\">\n\t\t\t\t\t\t\t\t\t<p data-start=\"115\" data-end=\"572\">Como norma general, los paquetes se env\u00edan dentro de las 48 horas siguientes a la recepci\u00f3n del pago mediante <strong data-start=\"249\" data-end=\"256\">UPS<\/strong>, con n\u00famero de seguimiento y entrega sin firma. Si prefiere un env\u00edo certificado a trav\u00e9s de <strong data-start=\"350\" data-end=\"363\">UPS Extra<\/strong>, se aplicar\u00e1 un cargo adicional. Le rogamos que nos contacte antes de solicitar esta opci\u00f3n. Sea cual sea el m\u00e9todo de env\u00edo que elija, le facilitaremos un enlace para que pueda rastrear su pedido en l\u00ednea.<\/p><p data-start=\"574\" data-end=\"1141\">Los gastos de env\u00edo incluyen los costos de manipulaci\u00f3n y embalaje, as\u00ed como el franqueo. Los gastos de manipulaci\u00f3n tienen un precio fijo, mientras que los costos de transporte pueden variar en funci\u00f3n del peso total del paquete. Le aconsejamos agrupar todos sus art\u00edculos en un solo pedido, ya que no podemos combinar dos pedidos diferentes y los gastos de env\u00edo se aplicar\u00e1n individualmente a cada uno. No nos hacemos responsables de los da\u00f1os que pueda sufrir su paquete durante el env\u00edo, pero ponemos el m\u00e1ximo cuidado en proteger todos los art\u00edculos fr\u00e1giles.<\/p><p data-start=\"1143\" data-end=\"1207\">Las cajas son grandes y sus art\u00edculos estar\u00e1n bien protegidos.<\/p>\t\t\t\t\t\t\t\t<\/div>\n\t\t\t\t\t<\/div>\n\t\t\t\t<\/div>\n\t\t\t\t<\/div>","protected":false},"excerpt":{"rendered":"<p>Env\u00edo del paquete Como norma general, los paquetes se env\u00edan dentro de las 48 horas siguientes a la recepci\u00f3n del pago mediante UPS, con n\u00famero de seguimiento y entrega sin firma. Si prefiere un env\u00edo certificado a trav\u00e9s de UPS Extra, se aplicar\u00e1 un cargo adicional. Le rogamos que nos contacte antes de solicitar esta opci\u00f3n. Sea cual sea el m\u00e9todo de env\u00edo que elija, le facilitaremos un enlace para que pueda rastrear su pedido en l\u00ednea. Los gastos de env\u00edo incluyen los costos de manipulaci\u00f3n y embalaje, as\u00ed como el franqueo. Los gastos de manipulaci\u00f3n tienen un precio fijo, mientras que los costos de transporte pueden variar en funci\u00f3n del peso total del paquete. Le aconsejamos agrupar todos sus art\u00edculos en un solo pedido, ya que no podemos combinar dos pedidos diferentes y los gastos de env\u00edo se aplicar\u00e1n individualmente a cada uno. No nos hacemos responsables de los da\u00f1os que pueda sufrir su paquete durante el env\u00edo, pero ponemos el m\u00e1ximo cuidado en proteger todos los art\u00edculos fr\u00e1giles. Las cajas son grandes y sus art\u00edculos estar\u00e1n bien protegidos.<\/p>","protected":false},"author":1,"featured_media":0,"parent":0,"menu_order":0,"comment_status":"closed","ping_status":"closed","template":"","meta":{"footnotes":""},"class_list":["post-1764","page","type-page","status-publish","hentry"],"yoast_head":"<!-- This site is optimized with the Yoast SEO plugin v25.7 - https:\/\/yoast.com\/wordpress\/plugins\/seo\/ -->\n<title>Env\u00edo del paquete - My remedium<\/title>\n<meta name=\"robots\" content=\"index, follow, max-snippet:-1, max-image-preview:large, max-video-preview:-1\" \/>\n<link rel=\"canonical\" href=\"https:\/\/tienda.myremedyum.pt\/pt\/envio-del-paquete\/\" \/>\n<meta property=\"og:locale\" content=\"pt_PT\" \/>\n<meta property=\"og:type\" content=\"article\" \/>\n<meta property=\"og:title\" content=\"Env\u00edo del paquete - My remedium\" \/>\n<meta property=\"og:description\" content=\"Env\u00edo del paquete Como norma general, los paquetes se env\u00edan dentro de las 48 horas siguientes a la recepci\u00f3n del pago mediante UPS, con n\u00famero de seguimiento y entrega sin firma. Si prefiere un env\u00edo certificado a trav\u00e9s de UPS Extra, se aplicar\u00e1 un cargo adicional. Le rogamos que nos contacte antes de solicitar esta opci\u00f3n. Sea cual sea el m\u00e9todo de env\u00edo que elija, le facilitaremos un enlace para que pueda rastrear su pedido en l\u00ednea. Los gastos de env\u00edo incluyen los costos de manipulaci\u00f3n y embalaje, as\u00ed como el franqueo. Los gastos de manipulaci\u00f3n tienen un precio fijo, mientras que los costos de transporte pueden variar en funci\u00f3n del peso total del paquete. Le aconsejamos agrupar todos sus art\u00edculos en un solo pedido, ya que no podemos combinar dos pedidos diferentes y los gastos de env\u00edo se aplicar\u00e1n individualmente a cada uno. No nos hacemos responsables de los da\u00f1os que pueda sufrir su paquete durante el env\u00edo, pero ponemos el m\u00e1ximo cuidado en proteger todos los art\u00edculos fr\u00e1giles. Las cajas son grandes y sus art\u00edculos estar\u00e1n bien protegidos.\" \/>\n<meta property=\"og:url\" content=\"https:\/\/tienda.myremedyum.pt\/pt\/envio-del-paquete\/\" \/>\n<meta property=\"og:site_name\" content=\"My remedium\" \/>\n<meta property=\"article:modified_time\" content=\"2025-09-03T13:15:42+00:00\" \/>\n<meta name=\"twitter:card\" content=\"summary_large_image\" \/>\n<meta name=\"twitter:label1\" content=\"Tempo estimado de leitura\" \/>\n\t<meta name=\"twitter:data1\" content=\"1 minuto\" \/>\n<script type=\"application\/ld+json\" class=\"yoast-schema-graph\">{\"@context\":\"https:\/\/schema.org\",\"@graph\":[{\"@type\":\"WebPage\",\"@id\":\"https:\/\/tienda.myremedyum.pt\/envio-del-paquete\/\",\"url\":\"https:\/\/tienda.myremedyum.pt\/envio-del-paquete\/\",\"name\":\"Env\u00edo del paquete - My remedium\",\"isPartOf\":{\"@id\":\"https:\/\/tienda.myremedyum.pt\/#website\"},\"datePublished\":\"2025-09-03T13:15:18+00:00\",\"dateModified\":\"2025-09-03T13:15:42+00:00\",\"breadcrumb\":{\"@id\":\"https:\/\/tienda.myremedyum.pt\/envio-del-paquete\/#breadcrumb\"},\"inLanguage\":\"pt-PT\",\"potentialAction\":[{\"@type\":\"ReadAction\",\"target\":[\"https:\/\/tienda.myremedyum.pt\/envio-del-paquete\/\"]}]},{\"@type\":\"BreadcrumbList\",\"@id\":\"https:\/\/tienda.myremedyum.pt\/envio-del-paquete\/#breadcrumb\",\"itemListElement\":[{\"@type\":\"ListItem\",\"position\":1,\"name\":\"Portada\",\"item\":\"https:\/\/tienda.myremedyum.pt\/\"},{\"@type\":\"ListItem\",\"position\":2,\"name\":\"Env\u00edo del paquete\"}]},{\"@type\":\"WebSite\",\"@id\":\"https:\/\/tienda.myremedyum.pt\/#website\",\"url\":\"https:\/\/tienda.myremedyum.pt\/\",\"name\":\"My remedium\",\"description\":\"\",\"publisher\":{\"@id\":\"https:\/\/tienda.myremedyum.pt\/#organization\"},\"potentialAction\":[{\"@type\":\"SearchAction\",\"target\":{\"@type\":\"EntryPoint\",\"urlTemplate\":\"https:\/\/tienda.myremedyum.pt\/?s={search_term_string}\"},\"query-input\":{\"@type\":\"PropertyValueSpecification\",\"valueRequired\":true,\"valueName\":\"search_term_string\"}}],\"inLanguage\":\"pt-PT\"},{\"@type\":\"Organization\",\"@id\":\"https:\/\/tienda.myremedyum.pt\/#organization\",\"name\":\"My remedium\",\"url\":\"https:\/\/tienda.myremedyum.pt\/\",\"logo\":{\"@type\":\"ImageObject\",\"inLanguage\":\"pt-PT\",\"@id\":\"https:\/\/tienda.myremedyum.pt\/#\/schema\/logo\/image\/\",\"url\":\"https:\/\/tienda.myremedyum.pt\/wp-content\/uploads\/2025\/07\/Myremedium-1-1.svg\",\"contentUrl\":\"https:\/\/tienda.myremedyum.pt\/wp-content\/uploads\/2025\/07\/Myremedium-1-1.svg\",\"width\":635,\"height\":89,\"caption\":\"My remedium\"},\"image\":{\"@id\":\"https:\/\/tienda.myremedyum.pt\/#\/schema\/logo\/image\/\"}}]}<\/script>\n<!-- \/ Yoast SEO plugin. -->","yoast_head_json":{"title":"Env\u00edo del paquete - My remedium","robots":{"index":"index","follow":"follow","max-snippet":"max-snippet:-1","max-image-preview":"max-image-preview:large","max-video-preview":"max-video-preview:-1"},"canonical":"https:\/\/tienda.myremedyum.pt\/pt\/envio-del-paquete\/","og_locale":"pt_PT","og_type":"article","og_title":"Env\u00edo del paquete - My remedium","og_description":"Env\u00edo del paquete Como norma general, los paquetes se env\u00edan dentro de las 48 horas siguientes a la recepci\u00f3n del pago mediante UPS, con n\u00famero de seguimiento y entrega sin firma. Si prefiere un env\u00edo certificado a trav\u00e9s de UPS Extra, se aplicar\u00e1 un cargo adicional. Le rogamos que nos contacte antes de solicitar esta opci\u00f3n. Sea cual sea el m\u00e9todo de env\u00edo que elija, le facilitaremos un enlace para que pueda rastrear su pedido en l\u00ednea. Los gastos de env\u00edo incluyen los costos de manipulaci\u00f3n y embalaje, as\u00ed como el franqueo. Los gastos de manipulaci\u00f3n tienen un precio fijo, mientras que los costos de transporte pueden variar en funci\u00f3n del peso total del paquete. Le aconsejamos agrupar todos sus art\u00edculos en un solo pedido, ya que no podemos combinar dos pedidos diferentes y los gastos de env\u00edo se aplicar\u00e1n individualmente a cada uno. No nos hacemos responsables de los da\u00f1os que pueda sufrir su paquete durante el env\u00edo, pero ponemos el m\u00e1ximo cuidado en proteger todos los art\u00edculos fr\u00e1giles. Las cajas son grandes y sus art\u00edculos estar\u00e1n bien protegidos.","og_url":"https:\/\/tienda.myremedyum.pt\/pt\/envio-del-paquete\/","og_site_name":"My remedium","article_modified_time":"2025-09-03T13:15:42+00:00","twitter_card":"summary_large_image","twitter_misc":{"Tempo estimado de leitura":"1 minuto"},"schema":{"@context":"https:\/\/schema.org","@graph":[{"@type":"WebPage","@id":"https:\/\/tienda.myremedyum.pt\/envio-del-paquete\/","url":"https:\/\/tienda.myremedyum.pt\/envio-del-paquete\/","name":"Env\u00edo del paquete - My remedium","isPartOf":{"@id":"https:\/\/tienda.myremedyum.pt\/#website"},"datePublished":"2025-09-03T13:15:18+00:00","dateModified":"2025-09-03T13:15:42+00:00","breadcrumb":{"@id":"https:\/\/tienda.myremedyum.pt\/envio-del-paquete\/#breadcrumb"},"inLanguage":"pt-PT","potentialAction":[{"@type":"ReadAction","target":["https:\/\/tienda.myremedyum.pt\/envio-del-paquete\/"]}]},{"@type":"BreadcrumbList","@id":"https:\/\/tienda.myremedyum.pt\/envio-del-paquete\/#breadcrumb","itemListElement":[{"@type":"ListItem","position":1,"name":"Portada","item":"https:\/\/tienda.myremedyum.pt\/"},{"@type":"ListItem","position":2,"name":"Env\u00edo del paquete"}]},{"@type":"WebSite","@id":"https:\/\/tienda.myremedyum.pt\/#website","url":"https:\/\/tienda.myremedyum.pt\/","name":"My remedium","description":"","publisher":{"@id":"https:\/\/tienda.myremedyum.pt\/#organization"},"potentialAction":[{"@type":"SearchAction","target":{"@type":"EntryPoint","urlTemplate":"https:\/\/tienda.myremedyum.pt\/?s={search_term_string}"},"query-input":{"@type":"PropertyValueSpecification","valueRequired":true,"valueName":"search_term_string"}}],"inLanguage":"pt-PT"},{"@type":"Organization","@id":"https:\/\/tienda.myremedyum.pt\/#organization","name":"My remedium","url":"https:\/\/tienda.myremedyum.pt\/","logo":{"@type":"ImageObject","inLanguage":"pt-PT","@id":"https:\/\/tienda.myremedyum.pt\/#\/schema\/logo\/image\/","url":"https:\/\/tienda.myremedyum.pt\/wp-content\/uploads\/2025\/07\/Myremedium-1-1.svg","contentUrl":"https:\/\/tienda.myremedyum.pt\/wp-content\/uploads\/2025\/07\/Myremedium-1-1.svg","width":635,"height":89,"caption":"My remedium"},"image":{"@id":"https:\/\/tienda.myremedyum.pt\/#\/schema\/logo\/image\/"}}]}},"_links":{"self":[{"href":"https:\/\/tienda.myremedyum.pt\/pt\/wp-json\/wp\/v2\/pages\/1764","targetHints":{"allow":["GET"]}}],"collection":[{"href":"https:\/\/tienda.myremedyum.pt\/pt\/wp-json\/wp\/v2\/pages"}],"about":[{"href":"https:\/\/tienda.myremedyum.pt\/pt\/wp-json\/wp\/v2\/types\/page"}],"author":[{"embeddable":true,"href":"https:\/\/tienda.myremedyum.pt\/pt\/wp-json\/wp\/v2\/users\/1"}],"replies":[{"embeddable":true,"href":"https:\/\/tienda.myremedyum.pt\/pt\/wp-json\/wp\/v2\/comments?post=1764"}],"version-history":[{"count":7,"href":"https:\/\/tienda.myremedyum.pt\/pt\/wp-json\/wp\/v2\/pages\/1764\/revisions"}],"predecessor-version":[{"id":1771,"href":"https:\/\/tienda.myremedyum.pt\/pt\/wp-json\/wp\/v2\/pages\/1764\/revisions\/1771"}],"wp:attachment":[{"href":"https:\/\/tienda.myremedyum.pt\/pt\/wp-json\/wp\/v2\/media?parent=1764"}],"curies":[{"name":"wp","href":"https:\/\/api.w.org\/{rel}","templated":true}]}}