{"id":200,"date":"2025-07-23T12:23:59","date_gmt":"2025-07-23T10:23:59","guid":{"rendered":"https:\/\/tienda.myremedyum.pt\/?page_id=200"},"modified":"2025-09-03T15:23:38","modified_gmt":"2025-09-03T13:23:38","slug":"politica-de-privacidad","status":"publish","type":"page","link":"https:\/\/tienda.myremedyum.pt\/pt\/politica-de-privacidad\/","title":{"rendered":"Pol\u00edtica de Privacidade"},"content":{"rendered":"<div data-elementor-type=\"wp-page\" data-elementor-id=\"200\" class=\"elementor elementor-200\">\n\t\t\t\t<div class=\"elementor-element elementor-element-95ce9d4 e-flex e-con-boxed wpr-sticky-section-no e-con e-parent\" data-id=\"95ce9d4\" data-element_type=\"container\" data-settings=\"{&quot;background_background&quot;:&quot;classic&quot;}\">\n\t\t\t\t\t<div class=\"e-con-inner\">\n\t\t\t\t<div class=\"elementor-element elementor-element-d37cdd9 elementor-widget elementor-widget-heading\" data-id=\"d37cdd9\" data-element_type=\"widget\" data-widget_type=\"heading.default\">\n\t\t\t\t\t<h1 class=\"elementor-heading-title elementor-size-default\">Pol\u00edtica de Privacidade <\/h1>\t\t\t\t<\/div>\n\t\t\t\t\t<\/div>\n\t\t\t\t<\/div>\n\t\t<div class=\"elementor-element elementor-element-b7e9bfd e-flex e-con-boxed wpr-sticky-section-no e-con e-parent\" data-id=\"b7e9bfd\" data-element_type=\"container\">\n\t\t\t\t\t<div class=\"e-con-inner\">\n\t\t\t\t<div class=\"elementor-element elementor-element-4bc7575 elementor-widget elementor-widget-text-editor\" data-id=\"4bc7575\" data-element_type=\"widget\" data-widget_type=\"text-editor.default\">\n\t\t\t\t\t\t\t\t\t<p data-pm-slice=\"1 1 []\">\u00daltima actualizaci\u00f3n: 01\/07\/2025<\/p>\n<p>Responsable del Tratamiento: Myremedyum S.L, con N.I.F. B01735182 y domicilio en AVDA FINISTERRE, NUM 265 C, PLANTA 3, A CORU\u00d1A, 15008 CORU\u00d1A (A) &#8211; (CORU\u00d1A, A).<\/p>\n<p>Correo de contacto: info@tienda.myremedyum.pt<\/p>\n<p>Finalidad del tratamiento: Gesti\u00f3n de los servicios ofrecidos a trav\u00e9s de la Web, atenci\u00f3n a solicitudes de informaci\u00f3n, comunicaciones comerciales y cumplimiento de obligaciones legales.<\/p>\n<p>Base legal: Consentimiento del interesado, ejecuci\u00f3n de un contrato o aplicaci\u00f3n de medidas precontractuales, inter\u00e9s leg\u00edtimo y cumplimiento de obligaciones legales.<\/p>\n<p>Destinatarios: No se ceder\u00e1n datos a terceros salvo obligaci\u00f3n legal o para la prestaci\u00f3n de servicios por parte de encargados del tratamiento.<\/p>\n<p>Derechos: Acceso, rectificaci\u00f3n, supresi\u00f3n, limitaci\u00f3n, oposici\u00f3n y portabilidad. Puede ejercer estos derechos escribiendo a info@tienda.myremedyum.pt a trav\u00e9s del correo electr\u00f3nico indicado anteriormente.<\/p>\n<p>Conservaci\u00f3n: Sus datos se conservar\u00e1n durante el tiempo necesario para cumplir con la finalidad para la que fueron recabados y, posteriormente, durante los plazos exigidos por la legislaci\u00f3n aplicable.<\/p>\n<p><br><\/p>\t\t\t\t\t\t\t\t<\/div>\n\t\t\t\t\t<\/div>\n\t\t\t\t<\/div>\n\t\t\t\t<\/div>","protected":false},"excerpt":{"rendered":"<p>Pol\u00edtica de Privacidad \u00daltima actualizaci\u00f3n: 01\/07\/2025 Responsable del Tratamiento: Myremedyum S.L, con N.I.F. B01735182 y domicilio en AVDA FINISTERRE, NUM 265 C, PLANTA 3, A CORU\u00d1A, 15008 CORU\u00d1A (A) &#8211; (CORU\u00d1A, A). Correo de contacto: info@tienda.myremedyum.pt Finalidad del tratamiento: Gesti\u00f3n de los servicios ofrecidos a trav\u00e9s de la Web, atenci\u00f3n a solicitudes de informaci\u00f3n, comunicaciones comerciales y cumplimiento de obligaciones legales. Base legal: Consentimiento del interesado, ejecuci\u00f3n de un contrato o aplicaci\u00f3n de medidas precontractuales, inter\u00e9s leg\u00edtimo y cumplimiento de obligaciones legales. Destinatarios: No se ceder\u00e1n datos a terceros salvo obligaci\u00f3n legal o para la prestaci\u00f3n de servicios por parte de encargados del tratamiento. Derechos: Acceso, rectificaci\u00f3n, supresi\u00f3n, limitaci\u00f3n, oposici\u00f3n y portabilidad. Puede ejercer estos derechos escribiendo a info@tienda.myremedyum.pt a trav\u00e9s del correo electr\u00f3nico indicado anteriormente. Conservaci\u00f3n: Sus datos se conservar\u00e1n durante el tiempo necesario para cumplir con la finalidad para la que fueron recabados y, posteriormente, durante los plazos exigidos por la legislaci\u00f3n aplicable.<\/p>","protected":false},"author":1,"featured_media":0,"parent":0,"menu_order":0,"comment_status":"closed","ping_status":"closed","template":"","meta":{"footnotes":""},"class_list":["post-200","page","type-page","status-publish","hentry"],"yoast_head":"<!-- This site is optimized with the Yoast SEO plugin v25.7 - https:\/\/yoast.com\/wordpress\/plugins\/seo\/ -->\n<title>Pol\u00edtica de Privacidad - My remedium<\/title>\n<meta name=\"robots\" content=\"index, follow, max-snippet:-1, max-image-preview:large, max-video-preview:-1\" \/>\n<link rel=\"canonical\" href=\"https:\/\/tienda.myremedyum.pt\/pt\/politica-de-privacidad\/\" \/>\n<meta property=\"og:locale\" content=\"pt_PT\" \/>\n<meta property=\"og:type\" content=\"article\" \/>\n<meta property=\"og:title\" content=\"Pol\u00edtica de Privacidad - My remedium\" \/>\n<meta property=\"og:description\" content=\"Pol\u00edtica de Privacidad \u00daltima actualizaci\u00f3n: 01\/07\/2025 Responsable del Tratamiento: Myremedyum S.L, con N.I.F. B01735182 y domicilio en AVDA FINISTERRE, NUM 265 C, PLANTA 3, A CORU\u00d1A, 15008 CORU\u00d1A (A) &#8211; (CORU\u00d1A, A). Correo de contacto: info@tienda.myremedyum.pt Finalidad del tratamiento: Gesti\u00f3n de los servicios ofrecidos a trav\u00e9s de la Web, atenci\u00f3n a solicitudes de informaci\u00f3n, comunicaciones comerciales y cumplimiento de obligaciones legales. Base legal: Consentimiento del interesado, ejecuci\u00f3n de un contrato o aplicaci\u00f3n de medidas precontractuales, inter\u00e9s leg\u00edtimo y cumplimiento de obligaciones legales. Destinatarios: No se ceder\u00e1n datos a terceros salvo obligaci\u00f3n legal o para la prestaci\u00f3n de servicios por parte de encargados del tratamiento. Derechos: Acceso, rectificaci\u00f3n, supresi\u00f3n, limitaci\u00f3n, oposici\u00f3n y portabilidad. Puede ejercer estos derechos escribiendo a info@tienda.myremedyum.pt a trav\u00e9s del correo electr\u00f3nico indicado anteriormente. Conservaci\u00f3n: Sus datos se conservar\u00e1n durante el tiempo necesario para cumplir con la finalidad para la que fueron recabados y, posteriormente, durante los plazos exigidos por la legislaci\u00f3n aplicable.\" \/>\n<meta property=\"og:url\" content=\"https:\/\/tienda.myremedyum.pt\/pt\/politica-de-privacidad\/\" \/>\n<meta property=\"og:site_name\" content=\"My remedium\" \/>\n<meta property=\"article:modified_time\" content=\"2025-09-03T13:23:38+00:00\" \/>\n<meta name=\"twitter:card\" content=\"summary_large_image\" \/>\n<meta name=\"twitter:label1\" content=\"Tempo estimado de leitura\" \/>\n\t<meta name=\"twitter:data1\" content=\"1 minuto\" \/>\n<script type=\"application\/ld+json\" class=\"yoast-schema-graph\">{\"@context\":\"https:\/\/schema.org\",\"@graph\":[{\"@type\":\"WebPage\",\"@id\":\"https:\/\/tienda.myremedyum.pt\/politica-de-privacidad\/\",\"url\":\"https:\/\/tienda.myremedyum.pt\/politica-de-privacidad\/\",\"name\":\"Pol\u00edtica de Privacidad - My remedium\",\"isPartOf\":{\"@id\":\"https:\/\/tienda.myremedyum.pt\/#website\"},\"datePublished\":\"2025-07-23T10:23:59+00:00\",\"dateModified\":\"2025-09-03T13:23:38+00:00\",\"breadcrumb\":{\"@id\":\"https:\/\/tienda.myremedyum.pt\/politica-de-privacidad\/#breadcrumb\"},\"inLanguage\":\"pt-PT\",\"potentialAction\":[{\"@type\":\"ReadAction\",\"target\":[\"https:\/\/tienda.myremedyum.pt\/politica-de-privacidad\/\"]}]},{\"@type\":\"BreadcrumbList\",\"@id\":\"https:\/\/tienda.myremedyum.pt\/politica-de-privacidad\/#breadcrumb\",\"itemListElement\":[{\"@type\":\"ListItem\",\"position\":1,\"name\":\"Portada\",\"item\":\"https:\/\/tienda.myremedyum.pt\/\"},{\"@type\":\"ListItem\",\"position\":2,\"name\":\"Pol\u00edtica de Privacidad\"}]},{\"@type\":\"WebSite\",\"@id\":\"https:\/\/tienda.myremedyum.pt\/#website\",\"url\":\"https:\/\/tienda.myremedyum.pt\/\",\"name\":\"My remedium\",\"description\":\"\",\"publisher\":{\"@id\":\"https:\/\/tienda.myremedyum.pt\/#organization\"},\"potentialAction\":[{\"@type\":\"SearchAction\",\"target\":{\"@type\":\"EntryPoint\",\"urlTemplate\":\"https:\/\/tienda.myremedyum.pt\/?s={search_term_string}\"},\"query-input\":{\"@type\":\"PropertyValueSpecification\",\"valueRequired\":true,\"valueName\":\"search_term_string\"}}],\"inLanguage\":\"pt-PT\"},{\"@type\":\"Organization\",\"@id\":\"https:\/\/tienda.myremedyum.pt\/#organization\",\"name\":\"My remedium\",\"url\":\"https:\/\/tienda.myremedyum.pt\/\",\"logo\":{\"@type\":\"ImageObject\",\"inLanguage\":\"pt-PT\",\"@id\":\"https:\/\/tienda.myremedyum.pt\/#\/schema\/logo\/image\/\",\"url\":\"https:\/\/tienda.myremedyum.pt\/wp-content\/uploads\/2025\/07\/Myremedium-1-1.svg\",\"contentUrl\":\"https:\/\/tienda.myremedyum.pt\/wp-content\/uploads\/2025\/07\/Myremedium-1-1.svg\",\"width\":635,\"height\":89,\"caption\":\"My remedium\"},\"image\":{\"@id\":\"https:\/\/tienda.myremedyum.pt\/#\/schema\/logo\/image\/\"}}]}<\/script>\n<!-- \/ Yoast SEO plugin. -->","yoast_head_json":{"title":"Pol\u00edtica de Privacidad - My remedium","robots":{"index":"index","follow":"follow","max-snippet":"max-snippet:-1","max-image-preview":"max-image-preview:large","max-video-preview":"max-video-preview:-1"},"canonical":"https:\/\/tienda.myremedyum.pt\/pt\/politica-de-privacidad\/","og_locale":"pt_PT","og_type":"article","og_title":"Pol\u00edtica de Privacidad - My remedium","og_description":"Pol\u00edtica de Privacidad \u00daltima actualizaci\u00f3n: 01\/07\/2025 Responsable del Tratamiento: Myremedyum S.L, con N.I.F. B01735182 y domicilio en AVDA FINISTERRE, NUM 265 C, PLANTA 3, A CORU\u00d1A, 15008 CORU\u00d1A (A) &#8211; (CORU\u00d1A, A). Correo de contacto: info@tienda.myremedyum.pt Finalidad del tratamiento: Gesti\u00f3n de los servicios ofrecidos a trav\u00e9s de la Web, atenci\u00f3n a solicitudes de informaci\u00f3n, comunicaciones comerciales y cumplimiento de obligaciones legales. Base legal: Consentimiento del interesado, ejecuci\u00f3n de un contrato o aplicaci\u00f3n de medidas precontractuales, inter\u00e9s leg\u00edtimo y cumplimiento de obligaciones legales. Destinatarios: No se ceder\u00e1n datos a terceros salvo obligaci\u00f3n legal o para la prestaci\u00f3n de servicios por parte de encargados del tratamiento. Derechos: Acceso, rectificaci\u00f3n, supresi\u00f3n, limitaci\u00f3n, oposici\u00f3n y portabilidad. Puede ejercer estos derechos escribiendo a info@tienda.myremedyum.pt a trav\u00e9s del correo electr\u00f3nico indicado anteriormente. Conservaci\u00f3n: Sus datos se conservar\u00e1n durante el tiempo necesario para cumplir con la finalidad para la que fueron recabados y, posteriormente, durante los plazos exigidos por la legislaci\u00f3n aplicable.","og_url":"https:\/\/tienda.myremedyum.pt\/pt\/politica-de-privacidad\/","og_site_name":"My remedium","article_modified_time":"2025-09-03T13:23:38+00:00","twitter_card":"summary_large_image","twitter_misc":{"Tempo estimado de leitura":"1 minuto"},"schema":{"@context":"https:\/\/schema.org","@graph":[{"@type":"WebPage","@id":"https:\/\/tienda.myremedyum.pt\/politica-de-privacidad\/","url":"https:\/\/tienda.myremedyum.pt\/politica-de-privacidad\/","name":"Pol\u00edtica de Privacidad - My remedium","isPartOf":{"@id":"https:\/\/tienda.myremedyum.pt\/#website"},"datePublished":"2025-07-23T10:23:59+00:00","dateModified":"2025-09-03T13:23:38+00:00","breadcrumb":{"@id":"https:\/\/tienda.myremedyum.pt\/politica-de-privacidad\/#breadcrumb"},"inLanguage":"pt-PT","potentialAction":[{"@type":"ReadAction","target":["https:\/\/tienda.myremedyum.pt\/politica-de-privacidad\/"]}]},{"@type":"BreadcrumbList","@id":"https:\/\/tienda.myremedyum.pt\/politica-de-privacidad\/#breadcrumb","itemListElement":[{"@type":"ListItem","position":1,"name":"Portada","item":"https:\/\/tienda.myremedyum.pt\/"},{"@type":"ListItem","position":2,"name":"Pol\u00edtica de Privacidad"}]},{"@type":"WebSite","@id":"https:\/\/tienda.myremedyum.pt\/#website","url":"https:\/\/tienda.myremedyum.pt\/","name":"My remedium","description":"","publisher":{"@id":"https:\/\/tienda.myremedyum.pt\/#organization"},"potentialAction":[{"@type":"SearchAction","target":{"@type":"EntryPoint","urlTemplate":"https:\/\/tienda.myremedyum.pt\/?s={search_term_string}"},"query-input":{"@type":"PropertyValueSpecification","valueRequired":true,"valueName":"search_term_string"}}],"inLanguage":"pt-PT"},{"@type":"Organization","@id":"https:\/\/tienda.myremedyum.pt\/#organization","name":"My remedium","url":"https:\/\/tienda.myremedyum.pt\/","logo":{"@type":"ImageObject","inLanguage":"pt-PT","@id":"https:\/\/tienda.myremedyum.pt\/#\/schema\/logo\/image\/","url":"https:\/\/tienda.myremedyum.pt\/wp-content\/uploads\/2025\/07\/Myremedium-1-1.svg","contentUrl":"https:\/\/tienda.myremedyum.pt\/wp-content\/uploads\/2025\/07\/Myremedium-1-1.svg","width":635,"height":89,"caption":"My remedium"},"image":{"@id":"https:\/\/tienda.myremedyum.pt\/#\/schema\/logo\/image\/"}}]}},"_links":{"self":[{"href":"https:\/\/tienda.myremedyum.pt\/pt\/wp-json\/wp\/v2\/pages\/200","targetHints":{"allow":["GET"]}}],"collection":[{"href":"https:\/\/tienda.myremedyum.pt\/pt\/wp-json\/wp\/v2\/pages"}],"about":[{"href":"https:\/\/tienda.myremedyum.pt\/pt\/wp-json\/wp\/v2\/types\/page"}],"author":[{"embeddable":true,"href":"https:\/\/tienda.myremedyum.pt\/pt\/wp-json\/wp\/v2\/users\/1"}],"replies":[{"embeddable":true,"href":"https:\/\/tienda.myremedyum.pt\/pt\/wp-json\/wp\/v2\/comments?post=200"}],"version-history":[{"count":3,"href":"https:\/\/tienda.myremedyum.pt\/pt\/wp-json\/wp\/v2\/pages\/200\/revisions"}],"predecessor-version":[{"id":1785,"href":"https:\/\/tienda.myremedyum.pt\/pt\/wp-json\/wp\/v2\/pages\/200\/revisions\/1785"}],"wp:attachment":[{"href":"https:\/\/tienda.myremedyum.pt\/pt\/wp-json\/wp\/v2\/media?parent=200"}],"curies":[{"name":"wp","href":"https:\/\/api.w.org\/{rel}","templated":true}]}}