{"id":205,"date":"2025-07-23T12:25:04","date_gmt":"2025-07-23T10:25:04","guid":{"rendered":"https:\/\/tienda.myremedyum.pt\/?page_id=205"},"modified":"2025-08-19T18:56:05","modified_gmt":"2025-08-19T16:56:05","slug":"politica-de-cookies","status":"publish","type":"page","link":"https:\/\/tienda.myremedyum.pt\/pt\/politica-de-cookies\/","title":{"rendered":"Pol\u00edtica de Cookies"},"content":{"rendered":"<div data-elementor-type=\"wp-page\" data-elementor-id=\"205\" class=\"elementor elementor-205\">\n\t\t\t\t<div class=\"elementor-element elementor-element-95ce9d4 e-flex e-con-boxed wpr-sticky-section-no e-con e-parent\" data-id=\"95ce9d4\" data-element_type=\"container\" data-settings=\"{&quot;background_background&quot;:&quot;classic&quot;}\">\n\t\t\t\t\t<div class=\"e-con-inner\">\n\t\t\t\t<div class=\"elementor-element elementor-element-d37cdd9 elementor-widget elementor-widget-heading\" data-id=\"d37cdd9\" data-element_type=\"widget\" data-widget_type=\"heading.default\">\n\t\t\t\t\t<h1 class=\"elementor-heading-title elementor-size-default\">Pol\u00edtica de Cookies <\/h1>\t\t\t\t<\/div>\n\t\t\t\t\t<\/div>\n\t\t\t\t<\/div>\n\t\t<div class=\"elementor-element elementor-element-b7e9bfd e-flex e-con-boxed wpr-sticky-section-no e-con e-parent\" data-id=\"b7e9bfd\" data-element_type=\"container\">\n\t\t\t\t\t<div class=\"e-con-inner\">\n\t\t\t\t<div class=\"elementor-element elementor-element-4bc7575 elementor-widget elementor-widget-text-editor\" data-id=\"4bc7575\" data-element_type=\"widget\" data-widget_type=\"text-editor.default\">\n\t\t\t\t\t\t\t\t\t<p data-pm-slice=\"1 1 []\">\u00daltima actualizaci\u00f3n: 01\/07\/2025<\/p><p>Esta Web utiliza cookies propias y de terceros para mejorar su experiencia de navegaci\u00f3n y analizar el tr\u00e1fico.<\/p><p>Puede configurar o rechazar las cookies a trav\u00e9s del panel de configuraci\u00f3n, as\u00ed como obtener informaci\u00f3n m\u00e1s detallada accediendo a nuestra Pol\u00edtica de Cookies completa: <a>https:\/\/tienda.myremedyum.pt\/politica-de-cookies<\/a><\/p><p>Tipos de cookies utilizadas:<\/p><ul data-spread=\"false\"><li><p>T\u00e9cnicas o necesarias<\/p><\/li><li><p>De personalizaci\u00f3n<\/p><\/li><li><p>De an\u00e1lisis<\/p><\/li><li><p>Publicitarias comportamentales (si aplica)<\/p><\/li><\/ul><p>Al navegar por la Web, el Usuario acepta el uso de las cookies en las condiciones establecidas en la pol\u00edtica mencionada.<\/p>\t\t\t\t\t\t\t\t<\/div>\n\t\t\t\t\t<\/div>\n\t\t\t\t<\/div>\n\t\t\t\t<\/div>","protected":false},"excerpt":{"rendered":"<p>Pol\u00edtica de Cookies \u00daltima actualizaci\u00f3n: 01\/07\/2025 Esta Web utiliza cookies propias y de terceros para mejorar su experiencia de navegaci\u00f3n y analizar el tr\u00e1fico. Puede configurar o rechazar las cookies a trav\u00e9s del panel de configuraci\u00f3n, as\u00ed como obtener informaci\u00f3n m\u00e1s detallada accediendo a nuestra Pol\u00edtica de Cookies completa: https:\/\/tienda.myremedyum.pt\/politica-de-cookies Tipos de cookies utilizadas: T\u00e9cnicas o necesarias De personalizaci\u00f3n De an\u00e1lisis Publicitarias comportamentales (si aplica) Al navegar por la Web, el Usuario acepta el uso de las cookies en las condiciones establecidas en la pol\u00edtica mencionada.<\/p>","protected":false},"author":1,"featured_media":0,"parent":0,"menu_order":0,"comment_status":"closed","ping_status":"closed","template":"","meta":{"footnotes":""},"class_list":["post-205","page","type-page","status-publish","hentry"],"yoast_head":"<!-- This site is optimized with the Yoast SEO plugin v25.7 - https:\/\/yoast.com\/wordpress\/plugins\/seo\/ -->\n<title>Pol\u00edtica de Cookies - My remedium<\/title>\n<meta name=\"robots\" content=\"index, follow, max-snippet:-1, max-image-preview:large, max-video-preview:-1\" \/>\n<link rel=\"canonical\" href=\"https:\/\/tienda.myremedyum.pt\/pt\/politica-de-cookies\/\" \/>\n<meta property=\"og:locale\" content=\"pt_PT\" \/>\n<meta property=\"og:type\" content=\"article\" \/>\n<meta property=\"og:title\" content=\"Pol\u00edtica de Cookies - My remedium\" \/>\n<meta property=\"og:description\" content=\"Pol\u00edtica de Cookies \u00daltima actualizaci\u00f3n: 01\/07\/2025 Esta Web utiliza cookies propias y de terceros para mejorar su experiencia de navegaci\u00f3n y analizar el tr\u00e1fico. Puede configurar o rechazar las cookies a trav\u00e9s del panel de configuraci\u00f3n, as\u00ed como obtener informaci\u00f3n m\u00e1s detallada accediendo a nuestra Pol\u00edtica de Cookies completa: https:\/\/tienda.myremedyum.pt\/politica-de-cookies Tipos de cookies utilizadas: T\u00e9cnicas o necesarias De personalizaci\u00f3n De an\u00e1lisis Publicitarias comportamentales (si aplica) Al navegar por la Web, el Usuario acepta el uso de las cookies en las condiciones establecidas en la pol\u00edtica mencionada.\" \/>\n<meta property=\"og:url\" content=\"https:\/\/tienda.myremedyum.pt\/pt\/politica-de-cookies\/\" \/>\n<meta property=\"og:site_name\" content=\"My remedium\" \/>\n<meta property=\"article:modified_time\" content=\"2025-08-19T16:56:05+00:00\" \/>\n<meta name=\"twitter:card\" content=\"summary_large_image\" \/>\n<meta name=\"twitter:label1\" content=\"Tempo estimado de leitura\" \/>\n\t<meta name=\"twitter:data1\" content=\"1 minuto\" \/>\n<script type=\"application\/ld+json\" class=\"yoast-schema-graph\">{\"@context\":\"https:\/\/schema.org\",\"@graph\":[{\"@type\":\"WebPage\",\"@id\":\"https:\/\/tienda.myremedyum.pt\/politica-de-cookies\/\",\"url\":\"https:\/\/tienda.myremedyum.pt\/politica-de-cookies\/\",\"name\":\"Pol\u00edtica de Cookies - My remedium\",\"isPartOf\":{\"@id\":\"https:\/\/tienda.myremedyum.pt\/#website\"},\"datePublished\":\"2025-07-23T10:25:04+00:00\",\"dateModified\":\"2025-08-19T16:56:05+00:00\",\"breadcrumb\":{\"@id\":\"https:\/\/tienda.myremedyum.pt\/politica-de-cookies\/#breadcrumb\"},\"inLanguage\":\"pt-PT\",\"potentialAction\":[{\"@type\":\"ReadAction\",\"target\":[\"https:\/\/tienda.myremedyum.pt\/politica-de-cookies\/\"]}]},{\"@type\":\"BreadcrumbList\",\"@id\":\"https:\/\/tienda.myremedyum.pt\/politica-de-cookies\/#breadcrumb\",\"itemListElement\":[{\"@type\":\"ListItem\",\"position\":1,\"name\":\"Portada\",\"item\":\"https:\/\/tienda.myremedyum.pt\/\"},{\"@type\":\"ListItem\",\"position\":2,\"name\":\"Pol\u00edtica de Cookies\"}]},{\"@type\":\"WebSite\",\"@id\":\"https:\/\/tienda.myremedyum.pt\/#website\",\"url\":\"https:\/\/tienda.myremedyum.pt\/\",\"name\":\"My remedium\",\"description\":\"\",\"publisher\":{\"@id\":\"https:\/\/tienda.myremedyum.pt\/#organization\"},\"potentialAction\":[{\"@type\":\"SearchAction\",\"target\":{\"@type\":\"EntryPoint\",\"urlTemplate\":\"https:\/\/tienda.myremedyum.pt\/?s={search_term_string}\"},\"query-input\":{\"@type\":\"PropertyValueSpecification\",\"valueRequired\":true,\"valueName\":\"search_term_string\"}}],\"inLanguage\":\"pt-PT\"},{\"@type\":\"Organization\",\"@id\":\"https:\/\/tienda.myremedyum.pt\/#organization\",\"name\":\"My remedium\",\"url\":\"https:\/\/tienda.myremedyum.pt\/\",\"logo\":{\"@type\":\"ImageObject\",\"inLanguage\":\"pt-PT\",\"@id\":\"https:\/\/tienda.myremedyum.pt\/#\/schema\/logo\/image\/\",\"url\":\"https:\/\/tienda.myremedyum.pt\/wp-content\/uploads\/2025\/07\/Myremedium-1-1.svg\",\"contentUrl\":\"https:\/\/tienda.myremedyum.pt\/wp-content\/uploads\/2025\/07\/Myremedium-1-1.svg\",\"width\":635,\"height\":89,\"caption\":\"My remedium\"},\"image\":{\"@id\":\"https:\/\/tienda.myremedyum.pt\/#\/schema\/logo\/image\/\"}}]}<\/script>\n<!-- \/ Yoast SEO plugin. -->","yoast_head_json":{"title":"Pol\u00edtica de Cookies - My remedium","robots":{"index":"index","follow":"follow","max-snippet":"max-snippet:-1","max-image-preview":"max-image-preview:large","max-video-preview":"max-video-preview:-1"},"canonical":"https:\/\/tienda.myremedyum.pt\/pt\/politica-de-cookies\/","og_locale":"pt_PT","og_type":"article","og_title":"Pol\u00edtica de Cookies - My remedium","og_description":"Pol\u00edtica de Cookies \u00daltima actualizaci\u00f3n: 01\/07\/2025 Esta Web utiliza cookies propias y de terceros para mejorar su experiencia de navegaci\u00f3n y analizar el tr\u00e1fico. Puede configurar o rechazar las cookies a trav\u00e9s del panel de configuraci\u00f3n, as\u00ed como obtener informaci\u00f3n m\u00e1s detallada accediendo a nuestra Pol\u00edtica de Cookies completa: https:\/\/tienda.myremedyum.pt\/politica-de-cookies Tipos de cookies utilizadas: T\u00e9cnicas o necesarias De personalizaci\u00f3n De an\u00e1lisis Publicitarias comportamentales (si aplica) Al navegar por la Web, el Usuario acepta el uso de las cookies en las condiciones establecidas en la pol\u00edtica mencionada.","og_url":"https:\/\/tienda.myremedyum.pt\/pt\/politica-de-cookies\/","og_site_name":"My remedium","article_modified_time":"2025-08-19T16:56:05+00:00","twitter_card":"summary_large_image","twitter_misc":{"Tempo estimado de leitura":"1 minuto"},"schema":{"@context":"https:\/\/schema.org","@graph":[{"@type":"WebPage","@id":"https:\/\/tienda.myremedyum.pt\/politica-de-cookies\/","url":"https:\/\/tienda.myremedyum.pt\/politica-de-cookies\/","name":"Pol\u00edtica de Cookies - My remedium","isPartOf":{"@id":"https:\/\/tienda.myremedyum.pt\/#website"},"datePublished":"2025-07-23T10:25:04+00:00","dateModified":"2025-08-19T16:56:05+00:00","breadcrumb":{"@id":"https:\/\/tienda.myremedyum.pt\/politica-de-cookies\/#breadcrumb"},"inLanguage":"pt-PT","potentialAction":[{"@type":"ReadAction","target":["https:\/\/tienda.myremedyum.pt\/politica-de-cookies\/"]}]},{"@type":"BreadcrumbList","@id":"https:\/\/tienda.myremedyum.pt\/politica-de-cookies\/#breadcrumb","itemListElement":[{"@type":"ListItem","position":1,"name":"Portada","item":"https:\/\/tienda.myremedyum.pt\/"},{"@type":"ListItem","position":2,"name":"Pol\u00edtica de Cookies"}]},{"@type":"WebSite","@id":"https:\/\/tienda.myremedyum.pt\/#website","url":"https:\/\/tienda.myremedyum.pt\/","name":"My remedium","description":"","publisher":{"@id":"https:\/\/tienda.myremedyum.pt\/#organization"},"potentialAction":[{"@type":"SearchAction","target":{"@type":"EntryPoint","urlTemplate":"https:\/\/tienda.myremedyum.pt\/?s={search_term_string}"},"query-input":{"@type":"PropertyValueSpecification","valueRequired":true,"valueName":"search_term_string"}}],"inLanguage":"pt-PT"},{"@type":"Organization","@id":"https:\/\/tienda.myremedyum.pt\/#organization","name":"My remedium","url":"https:\/\/tienda.myremedyum.pt\/","logo":{"@type":"ImageObject","inLanguage":"pt-PT","@id":"https:\/\/tienda.myremedyum.pt\/#\/schema\/logo\/image\/","url":"https:\/\/tienda.myremedyum.pt\/wp-content\/uploads\/2025\/07\/Myremedium-1-1.svg","contentUrl":"https:\/\/tienda.myremedyum.pt\/wp-content\/uploads\/2025\/07\/Myremedium-1-1.svg","width":635,"height":89,"caption":"My remedium"},"image":{"@id":"https:\/\/tienda.myremedyum.pt\/#\/schema\/logo\/image\/"}}]}},"_links":{"self":[{"href":"https:\/\/tienda.myremedyum.pt\/pt\/wp-json\/wp\/v2\/pages\/205","targetHints":{"allow":["GET"]}}],"collection":[{"href":"https:\/\/tienda.myremedyum.pt\/pt\/wp-json\/wp\/v2\/pages"}],"about":[{"href":"https:\/\/tienda.myremedyum.pt\/pt\/wp-json\/wp\/v2\/types\/page"}],"author":[{"embeddable":true,"href":"https:\/\/tienda.myremedyum.pt\/pt\/wp-json\/wp\/v2\/users\/1"}],"replies":[{"embeddable":true,"href":"https:\/\/tienda.myremedyum.pt\/pt\/wp-json\/wp\/v2\/comments?post=205"}],"version-history":[{"count":0,"href":"https:\/\/tienda.myremedyum.pt\/pt\/wp-json\/wp\/v2\/pages\/205\/revisions"}],"wp:attachment":[{"href":"https:\/\/tienda.myremedyum.pt\/pt\/wp-json\/wp\/v2\/media?parent=205"}],"curies":[{"name":"wp","href":"https:\/\/api.w.org\/{rel}","templated":true}]}}