{"id":6,"date":"2025-07-23T09:39:18","date_gmt":"2025-07-23T07:39:18","guid":{"rendered":"https:\/\/tienda.myremedyum.pt\/?page_id=6"},"modified":"2025-09-04T10:13:12","modified_gmt":"2025-09-04T08:13:12","slug":"inicio","status":"publish","type":"page","link":"https:\/\/tienda.myremedyum.pt\/pt\/","title":{"rendered":"In\u00edcio"},"content":{"rendered":"<div data-elementor-type=\"wp-page\" data-elementor-id=\"6\" class=\"elementor elementor-6\">\n\t\t\t\t<div class=\"elementor-element elementor-element-6b25775 e-flex e-con-boxed wpr-sticky-section-no e-con e-parent\" data-id=\"6b25775\" data-element_type=\"container\" data-settings=\"{&quot;background_background&quot;:&quot;classic&quot;}\">\n\t\t\t\t\t<div class=\"e-con-inner\">\n\t\t<div class=\"elementor-element elementor-element-47d26af e-con-full e-flex wpr-sticky-section-no e-con e-child\" data-id=\"47d26af\" data-element_type=\"container\">\n\t\t\t\t<div class=\"elementor-element elementor-element-2fe0d05 elementor-widget-tablet__width-initial elementor-widget elementor-widget-image\" data-id=\"2fe0d05\" data-element_type=\"widget\" data-widget_type=\"image.default\">\n\t\t\t\t\t\t\t\t\t\t\t\t\t\t\t<img fetchpriority=\"high\" decoding=\"async\" width=\"800\" height=\"487\" src=\"https:\/\/tienda.myremedyum.pt\/wp-content\/uploads\/2025\/07\/inicio-68808ba6bac39-1-e1753258640697.webp\" class=\"attachment-large size-large wp-image-25\" alt=\"\" srcset=\"https:\/\/tienda.myremedyum.pt\/wp-content\/uploads\/2025\/07\/inicio-68808ba6bac39-1-e1753258640697.webp 801w, https:\/\/tienda.myremedyum.pt\/wp-content\/uploads\/2025\/07\/inicio-68808ba6bac39-1-e1753258640697-300x183.webp 300w, https:\/\/tienda.myremedyum.pt\/wp-content\/uploads\/2025\/07\/inicio-68808ba6bac39-1-e1753258640697-768x468.webp 768w\" sizes=\"(max-width: 800px) 100vw, 800px\" \/>\t\t\t\t\t\t\t\t\t\t\t\t\t\t\t<\/div>\n\t\t\t\t<\/div>\n\t\t<div class=\"elementor-element elementor-element-f92ff1a e-con-full e-flex wpr-sticky-section-no e-con e-child\" data-id=\"f92ff1a\" data-element_type=\"container\">\n\t\t\t\t<div class=\"elementor-element elementor-element-9d34ed9 elementor-widget elementor-widget-heading\" data-id=\"9d34ed9\" data-element_type=\"widget\" data-widget_type=\"heading.default\">\n\t\t\t\t\t<h1 class=\"elementor-heading-title elementor-size-default\">MyRemedium <br> Suplementos naturais para a sua sa\u00fade integral<\/h1>\t\t\t\t<\/div>\n\t\t\t\t<div class=\"elementor-element elementor-element-833a594 elementor-widget elementor-widget-text-editor\" data-id=\"833a594\" data-element_type=\"widget\" data-widget_type=\"text-editor.default\">\n\t\t\t\t\t\t\t\t\t<p>F\u00f3rmulas inovadoras, seguras e respaldadas pela ci\u00eancia, desenvolvidas para profissionais do bem-estar.<\/p>\t\t\t\t\t\t\t\t<\/div>\n\t\t\t\t<div class=\"elementor-element elementor-element-ca0e0d1 elementor-widget elementor-widget-button\" data-id=\"ca0e0d1\" data-element_type=\"widget\" data-widget_type=\"button.default\">\n\t\t\t\t\t\t\t\t\t\t<a class=\"elementor-button elementor-button-link elementor-size-sm elementor-animation-float\" href=\"https:\/\/tienda.myremedyum.pt\/pt\/tienda\/\">\n\t\t\t\t\t\t<span class=\"elementor-button-content-wrapper\">\n\t\t\t\t\t\t<span class=\"elementor-button-icon\">\n\t\t\t\t<svg aria-hidden=\"true\" class=\"e-font-icon-svg e-fas-chevron-right\" viewbox=\"0 0 320 512\" xmlns=\"http:\/\/www.w3.org\/2000\/svg\"><path d=\"M285.476 272.971L91.132 467.314c-9.373 9.373-24.569 9.373-33.941 0l-22.667-22.667c-9.357-9.357-9.375-24.522-.04-33.901L188.505 256 34.484 101.255c-9.335-9.379-9.317-24.544.04-33.901l22.667-22.667c9.373-9.373 24.569-9.373 33.941 0L285.475 239.03c9.373 9.372 9.373 24.568.001 33.941z\"><\/path><\/svg>\t\t\t<\/span>\n\t\t\t\t\t\t\t\t\t<span class=\"elementor-button-text\">Ir para a loja<\/span>\n\t\t\t\t\t<\/span>\n\t\t\t\t\t<\/a>\n\t\t\t\t\t\t\t\t<\/div>\n\t\t\t\t<\/div>\n\t\t\t\t\t<\/div>\n\t\t\t\t<\/div>\n\t\t<div class=\"elementor-element elementor-element-3b43df1 e-flex e-con-boxed wpr-sticky-section-no e-con e-parent\" data-id=\"3b43df1\" data-element_type=\"container\">\n\t\t\t\t\t<div class=\"e-con-inner\">\n\t\t<div class=\"elementor-element elementor-element-41c2e70 e-flex e-con-boxed wpr-sticky-section-no e-con e-child\" data-id=\"41c2e70\" data-element_type=\"container\">\n\t\t\t\t\t<div class=\"e-con-inner\">\n\t\t\t\t<div class=\"elementor-element elementor-element-f0536b1 elementor-widget elementor-widget-heading\" data-id=\"f0536b1\" data-element_type=\"widget\" data-widget_type=\"heading.default\">\n\t\t\t\t\t<h2 class=\"elementor-heading-title elementor-size-default\">Produtos em destaque<\/h2>\t\t\t\t<\/div>\n\t\t\t\t<div class=\"elementor-element elementor-element-b465a40 elementor-widget elementor-widget-text-editor\" data-id=\"b465a40\" data-element_type=\"widget\" data-widget_type=\"text-editor.default\">\n\t\t\t\t\t\t\t\t\t<p><span style=\"font-weight: 400;\">Sabemos como \u00e9 sentir quando o estresse, o cansa\u00e7o ou a falta de concentra\u00e7\u00e3o afetam o seu dia a dia. Em <strong>MyRemedium<\/strong> Trabalhamos com especialistas em sa\u00fade para criar solu\u00e7\u00f5es naturais que restauram o seu equil\u00edbrio f\u00edsico e mental.<\/span><\/p>\t\t\t\t\t\t\t\t<\/div>\n\t\t\t\t<div class=\"elementor-element elementor-element-e286508 elementor-widget elementor-widget-shortcode\" data-id=\"e286508\" data-element_type=\"widget\" data-widget_type=\"shortcode.default\">\n\t\t\t\t\t\t\t<div class=\"elementor-shortcode\"><div class=\"woocommerce columns-4\"><ul class=\"products columns-4\">\n<li class=\"product type-product post-984 status-publish first instock product_cat-sistema-bucofaringeo has-post-thumbnail shipping-taxable purchasable product-type-simple\">\n\t<a href=\"https:\/\/tienda.myremedyum.pt\/pt\/produto\/remygar-comp\/\" class=\"woocommerce-LoopProduct-link woocommerce-loop-product__link\"><img decoding=\"async\" width=\"300\" height=\"300\" src=\"https:\/\/tienda.myremedyum.pt\/wp-content\/uploads\/2025\/09\/remygar-pasti-68b986f202b89-300x300.webp\" class=\"attachment-woocommerce_thumbnail size-woocommerce_thumbnail\" alt=\"Remygar Comp\" srcset=\"https:\/\/tienda.myremedyum.pt\/wp-content\/uploads\/2025\/09\/remygar-pasti-68b986f202b89-300x300.webp 300w, https:\/\/tienda.myremedyum.pt\/wp-content\/uploads\/2025\/09\/remygar-pasti-68b986f202b89-150x150.webp 150w, https:\/\/tienda.myremedyum.pt\/wp-content\/uploads\/2025\/09\/remygar-pasti-68b986f202b89-768x768.webp 768w, https:\/\/tienda.myremedyum.pt\/wp-content\/uploads\/2025\/09\/remygar-pasti-68b986f202b89-12x12.webp 12w, https:\/\/tienda.myremedyum.pt\/wp-content\/uploads\/2025\/09\/remygar-pasti-68b986f202b89-600x600.webp 600w, https:\/\/tienda.myremedyum.pt\/wp-content\/uploads\/2025\/09\/remygar-pasti-68b986f202b89-100x100.webp 100w, https:\/\/tienda.myremedyum.pt\/wp-content\/uploads\/2025\/09\/remygar-pasti-68b986f202b89.webp 1001w\" sizes=\"(max-width: 300px) 100vw, 300px\" \/><h2 class=\"woocommerce-loop-product__title\">Remygar Comp<\/h2>\n\t<span class=\"price\"><span class=\"woocommerce-Price-amount amount\"><bdi>31,50&nbsp;<span class=\"woocommerce-Price-currencySymbol\">\u20ac<\/span><\/bdi><\/span><\/span>\n<\/a><a href=\"\/pt\/wp-json\/wp\/v2\/pages\/6?add-to-cart=984\" aria-describedby=\"woocommerce_loop_add_to_cart_link_describedby_984\" data-quantity=\"1\" class=\"button product_type_simple add_to_cart_button ajax_add_to_cart\" data-product_id=\"984\" data-product_sku=\"\" aria-label=\"Adiciona ao carrinho: \u201cRemygar Comp\u201d\" rel=\"nofollow\" data-success_message=\"\u201cRemygar Comp\u201d foi adicionado ao seu carrinho\" data-no-translation=\"\" data-trp-gettext=\"\" data-no-translation-aria-label=\"\" data-no-translation-data-success_message=\"\">Adicionar<\/a>\t<span id=\"woocommerce_loop_add_to_cart_link_describedby_984\" class=\"screen-reader-text\">\n\t\t\t<\/span>\n<\/li>\n<li class=\"product type-product post-983 status-publish instock product_cat-sistema-bucofaringeo has-post-thumbnail shipping-taxable purchasable product-type-simple\">\n\t<a href=\"https:\/\/tienda.myremedyum.pt\/pt\/produto\/remygar-spray\/\" class=\"woocommerce-LoopProduct-link woocommerce-loop-product__link\"><img decoding=\"async\" width=\"300\" height=\"300\" src=\"https:\/\/tienda.myremedyum.pt\/wp-content\/uploads\/2025\/09\/remygar-spray-68b986f3105a0-300x300.webp\" class=\"attachment-woocommerce_thumbnail size-woocommerce_thumbnail\" alt=\"Remygar Spray\" srcset=\"https:\/\/tienda.myremedyum.pt\/wp-content\/uploads\/2025\/09\/remygar-spray-68b986f3105a0-300x300.webp 300w, https:\/\/tienda.myremedyum.pt\/wp-content\/uploads\/2025\/09\/remygar-spray-68b986f3105a0-150x150.webp 150w, https:\/\/tienda.myremedyum.pt\/wp-content\/uploads\/2025\/09\/remygar-spray-68b986f3105a0-768x768.webp 768w, https:\/\/tienda.myremedyum.pt\/wp-content\/uploads\/2025\/09\/remygar-spray-68b986f3105a0-12x12.webp 12w, https:\/\/tienda.myremedyum.pt\/wp-content\/uploads\/2025\/09\/remygar-spray-68b986f3105a0-600x600.webp 600w, https:\/\/tienda.myremedyum.pt\/wp-content\/uploads\/2025\/09\/remygar-spray-68b986f3105a0-100x100.webp 100w, https:\/\/tienda.myremedyum.pt\/wp-content\/uploads\/2025\/09\/remygar-spray-68b986f3105a0.webp 1001w\" sizes=\"(max-width: 300px) 100vw, 300px\" \/><h2 class=\"woocommerce-loop-product__title\">Remygar Spray<\/h2>\n\t<span class=\"price\"><span class=\"woocommerce-Price-amount amount\"><bdi>32,10&nbsp;<span class=\"woocommerce-Price-currencySymbol\">\u20ac<\/span><\/bdi><\/span><\/span>\n<\/a><a href=\"\/pt\/wp-json\/wp\/v2\/pages\/6?add-to-cart=983\" aria-describedby=\"woocommerce_loop_add_to_cart_link_describedby_983\" data-quantity=\"1\" class=\"button product_type_simple add_to_cart_button ajax_add_to_cart\" data-product_id=\"983\" data-product_sku=\"\" aria-label=\"Adiciona ao carrinho: \u201cRemygar Spray\u201d\" rel=\"nofollow\" data-success_message=\"\u201cRemygar Spray\u201d foi adicionado ao seu carrinho\" data-no-translation=\"\" data-trp-gettext=\"\" data-no-translation-aria-label=\"\" data-no-translation-data-success_message=\"\">Adicionar<\/a>\t<span id=\"woocommerce_loop_add_to_cart_link_describedby_983\" class=\"screen-reader-text\">\n\t\t\t<\/span>\n<\/li>\n<li class=\"product type-product post-982 status-publish instock product_cat-sistema-digestivo has-post-thumbnail shipping-taxable purchasable product-type-simple\">\n\t<a href=\"https:\/\/tienda.myremedyum.pt\/pt\/produto\/remydigest-enzymes\/\" class=\"woocommerce-LoopProduct-link woocommerce-loop-product__link\"><img loading=\"lazy\" decoding=\"async\" width=\"300\" height=\"300\" src=\"https:\/\/tienda.myremedyum.pt\/wp-content\/uploads\/2025\/09\/remydigest-68b986f1efe93-300x300.webp\" class=\"attachment-woocommerce_thumbnail size-woocommerce_thumbnail\" alt=\"RemyDigest Enzymes\" srcset=\"https:\/\/tienda.myremedyum.pt\/wp-content\/uploads\/2025\/09\/remydigest-68b986f1efe93-300x300.webp 300w, https:\/\/tienda.myremedyum.pt\/wp-content\/uploads\/2025\/09\/remydigest-68b986f1efe93-150x150.webp 150w, https:\/\/tienda.myremedyum.pt\/wp-content\/uploads\/2025\/09\/remydigest-68b986f1efe93-768x768.webp 768w, https:\/\/tienda.myremedyum.pt\/wp-content\/uploads\/2025\/09\/remydigest-68b986f1efe93-12x12.webp 12w, https:\/\/tienda.myremedyum.pt\/wp-content\/uploads\/2025\/09\/remydigest-68b986f1efe93-600x600.webp 600w, https:\/\/tienda.myremedyum.pt\/wp-content\/uploads\/2025\/09\/remydigest-68b986f1efe93-100x100.webp 100w, https:\/\/tienda.myremedyum.pt\/wp-content\/uploads\/2025\/09\/remydigest-68b986f1efe93.webp 1001w\" sizes=\"(max-width: 300px) 100vw, 300px\" \/><h2 class=\"woocommerce-loop-product__title\">RemyDigest Enzymes<\/h2>\n\t<span class=\"price\"><span class=\"woocommerce-Price-amount amount\"><bdi>29,60&nbsp;<span class=\"woocommerce-Price-currencySymbol\">\u20ac<\/span><\/bdi><\/span><\/span>\n<\/a><a href=\"\/pt\/wp-json\/wp\/v2\/pages\/6?add-to-cart=982\" aria-describedby=\"woocommerce_loop_add_to_cart_link_describedby_982\" data-quantity=\"1\" class=\"button product_type_simple add_to_cart_button ajax_add_to_cart\" data-product_id=\"982\" data-product_sku=\"\" aria-label=\"Adiciona ao carrinho: \u201cRemyDigest Enzymes\u201d\" rel=\"nofollow\" data-success_message=\"\u201cRemyDigest Enzymes\u201d foi adicionado ao seu carrinho\" data-no-translation=\"\" data-trp-gettext=\"\" data-no-translation-aria-label=\"\" data-no-translation-data-success_message=\"\">Adicionar<\/a>\t<span id=\"woocommerce_loop_add_to_cart_link_describedby_982\" class=\"screen-reader-text\">\n\t\t\t<\/span>\n<\/li>\n<\/ul>\n<\/div><\/div>\n\t\t\t\t\t\t<\/div>\n\t\t\t\t\t<\/div>\n\t\t\t\t<\/div>\n\t\t\t\t\t<\/div>\n\t\t\t\t<\/div>\n\t\t<div class=\"elementor-element elementor-element-4003ee5 e-flex e-con-boxed wpr-sticky-section-no e-con e-parent\" data-id=\"4003ee5\" data-element_type=\"container\" data-settings=\"{&quot;background_background&quot;:&quot;classic&quot;}\">\n\t\t\t\t\t<div class=\"e-con-inner\">\n\t\t\t\t<div class=\"elementor-element elementor-element-b0254bf elementor-widget__width-initial elementor-widget elementor-widget-image\" data-id=\"b0254bf\" data-element_type=\"widget\" data-widget_type=\"image.default\">\n\t\t\t\t\t\t\t\t\t\t\t\t\t\t\t<img decoding=\"async\" src=\"https:\/\/tienda.myremedyum.pt\/wp-content\/uploads\/2025\/07\/Myremedium-1-1.svg\" title=\"Myremedium-1\" alt=\"Myremedium-1\" loading=\"lazy\" \/>\t\t\t\t\t\t\t\t\t\t\t\t\t\t\t<\/div>\n\t\t\t\t<div class=\"elementor-element elementor-element-74bd509 elementor-widget elementor-widget-heading\" data-id=\"74bd509\" data-element_type=\"widget\" data-widget_type=\"heading.default\">\n\t\t\t\t\t<h3 class=\"elementor-heading-title elementor-size-default\">Descubra como as nossas solu\u00e7\u00f5es podem ajud\u00e1-lo a si e aos seus pacientes. <strong>Recupere o seu equil\u00edbrio com a ajuda da natureza.<\/h3>\t\t\t\t<\/div>\n\t\t\t\t<div class=\"elementor-element elementor-element-03f5d16 elementor-widget elementor-widget-button\" data-id=\"03f5d16\" data-element_type=\"widget\" data-widget_type=\"button.default\">\n\t\t\t\t\t\t\t\t\t\t<a class=\"elementor-button elementor-button-link elementor-size-sm elementor-animation-float\" href=\"https:\/\/tienda.myremedyum.pt\/pt\/contacto\/\">\n\t\t\t\t\t\t<span class=\"elementor-button-content-wrapper\">\n\t\t\t\t\t\t<span class=\"elementor-button-icon\">\n\t\t\t\t<svg aria-hidden=\"true\" class=\"e-font-icon-svg e-fas-pencil-alt\" viewbox=\"0 0 512 512\" xmlns=\"http:\/\/www.w3.org\/2000\/svg\"><path d=\"M497.9 142.1l-46.1 46.1c-4.7 4.7-12.3 4.7-17 0l-111-111c-4.7-4.7-4.7-12.3 0-17l46.1-46.1c18.7-18.7 49.1-18.7 67.9 0l60.1 60.1c18.8 18.7 18.8 49.1 0 67.9zM284.2 99.8L21.6 362.4.4 483.9c-2.9 16.4 11.4 30.6 27.8 27.8l121.5-21.3 262.6-262.6c4.7-4.7 4.7-12.3 0-17l-111-111c-4.8-4.7-12.4-4.7-17.1 0zM124.1 339.9c-5.5-5.5-5.5-14.3 0-19.8l154-154c5.5-5.5 14.3-5.5 19.8 0s5.5 14.3 0 19.8l-154 154c-5.5 5.5-14.3 5.5-19.8 0zM88 424h48v36.3l-64.5 11.3-31.1-31.1L51.7 376H88v48z\"><\/path><\/svg>\t\t\t<\/span>\n\t\t\t\t\t\t\t\t\t<span class=\"elementor-button-text\">Escreva-nos<\/span>\n\t\t\t\t\t<\/span>\n\t\t\t\t\t<\/a>\n\t\t\t\t\t\t\t\t<\/div>\n\t\t\t\t\t<\/div>\n\t\t\t\t<\/div>\n\t\t\t\t<\/div>","protected":false},"excerpt":{"rendered":"<p>MyRemedium Complementos naturales para tu salud integral F\u00f3rmulas innovadoras, seguras y respaldadas por la ciencia, dise\u00f1adas para profesionales del bienestar. Ir a tienda Top productos Sabemos lo que se siente cuando el estr\u00e9s, el cansancio o la falta de concentraci\u00f3n afectan tu d\u00eda a d\u00eda. En MyRemedium trabajamos con expertos en salud para crear soluciones naturales que restauran tu equilibrio f\u00edsico y mental. Descubre c\u00f3mo nuestras soluciones pueden ayudarte a ti y a tus pacientes. Recupera tu equilibrio con la ayuda de la naturaleza. Escrib\u00e9nos<\/p>","protected":false},"author":1,"featured_media":0,"parent":0,"menu_order":0,"comment_status":"closed","ping_status":"closed","template":"","meta":{"footnotes":""},"class_list":["post-6","page","type-page","status-publish","hentry"],"yoast_head":"<!-- This site is optimized with the Yoast SEO plugin v25.7 - https:\/\/yoast.com\/wordpress\/plugins\/seo\/ -->\n<title>Inicio - Myremedium<\/title>\n<meta name=\"robots\" content=\"index, follow, max-snippet:-1, max-image-preview:large, max-video-preview:-1\" \/>\n<link rel=\"canonical\" href=\"https:\/\/tienda.myremedyum.pt\/pt\/\" \/>\n<meta property=\"og:locale\" content=\"pt_PT\" \/>\n<meta property=\"og:type\" content=\"article\" \/>\n<meta property=\"og:title\" content=\"Inicio - Myremedium\" \/>\n<meta property=\"og:description\" content=\"MyRemedium Complementos naturales para tu salud integral F\u00f3rmulas innovadoras, seguras y respaldadas por la ciencia, dise\u00f1adas para profesionales del bienestar. Ir a tienda Top productos Sabemos lo que se siente cuando el estr\u00e9s, el cansancio o la falta de concentraci\u00f3n afectan tu d\u00eda a d\u00eda. En MyRemedium trabajamos con expertos en salud para crear soluciones naturales que restauran tu equilibrio f\u00edsico y mental. Descubre c\u00f3mo nuestras soluciones pueden ayudarte a ti y a tus pacientes. Recupera tu equilibrio con la ayuda de la naturaleza. Escrib\u00e9nos\" \/>\n<meta property=\"og:url\" content=\"https:\/\/tienda.myremedyum.pt\/pt\/\" \/>\n<meta property=\"og:site_name\" content=\"My remedium\" \/>\n<meta property=\"article:modified_time\" content=\"2025-09-04T08:13:12+00:00\" \/>\n<meta property=\"og:image\" content=\"https:\/\/tienda.myremedyum.pt\/wp-content\/uploads\/2025\/07\/inicio-68808ba6bac39-1-e1753258640697.webp\" \/>\n\t<meta property=\"og:image:width\" content=\"801\" \/>\n\t<meta property=\"og:image:height\" content=\"488\" \/>\n\t<meta property=\"og:image:type\" content=\"image\/webp\" \/>\n<meta name=\"twitter:card\" content=\"summary_large_image\" \/>\n<meta name=\"twitter:label1\" content=\"Tempo estimado de leitura\" \/>\n\t<meta name=\"twitter:data1\" content=\"2 minutos\" \/>\n<script type=\"application\/ld+json\" class=\"yoast-schema-graph\">{\"@context\":\"https:\/\/schema.org\",\"@graph\":[{\"@type\":\"WebPage\",\"@id\":\"https:\/\/tienda.myremedyum.pt\/\",\"url\":\"https:\/\/tienda.myremedyum.pt\/\",\"name\":\"Inicio - Myremedium\",\"isPartOf\":{\"@id\":\"https:\/\/tienda.myremedyum.pt\/#website\"},\"primaryImageOfPage\":{\"@id\":\"https:\/\/tienda.myremedyum.pt\/#primaryimage\"},\"image\":{\"@id\":\"https:\/\/tienda.myremedyum.pt\/#primaryimage\"},\"thumbnailUrl\":\"https:\/\/tienda.myremedyum.pt\/wp-content\/uploads\/2025\/07\/inicio-68808ba6bac39-1-e1753258640697.webp\",\"datePublished\":\"2025-07-23T07:39:18+00:00\",\"dateModified\":\"2025-09-04T08:13:12+00:00\",\"breadcrumb\":{\"@id\":\"https:\/\/tienda.myremedyum.pt\/#breadcrumb\"},\"inLanguage\":\"pt-PT\",\"potentialAction\":[{\"@type\":\"ReadAction\",\"target\":[\"https:\/\/tienda.myremedyum.pt\/\"]}]},{\"@type\":\"ImageObject\",\"inLanguage\":\"pt-PT\",\"@id\":\"https:\/\/tienda.myremedyum.pt\/#primaryimage\",\"url\":\"https:\/\/tienda.myremedyum.pt\/wp-content\/uploads\/2025\/07\/inicio-68808ba6bac39-1-e1753258640697.webp\",\"contentUrl\":\"https:\/\/tienda.myremedyum.pt\/wp-content\/uploads\/2025\/07\/inicio-68808ba6bac39-1-e1753258640697.webp\"},{\"@type\":\"BreadcrumbList\",\"@id\":\"https:\/\/tienda.myremedyum.pt\/#breadcrumb\",\"itemListElement\":[{\"@type\":\"ListItem\",\"position\":1,\"name\":\"Portada\",\"item\":\"https:\/\/tienda.myremedyum.pt\/\"},{\"@type\":\"ListItem\",\"position\":2,\"name\":\"Inicio\"}]},{\"@type\":\"WebSite\",\"@id\":\"https:\/\/tienda.myremedyum.pt\/#website\",\"url\":\"https:\/\/tienda.myremedyum.pt\/\",\"name\":\"My remedium\",\"description\":\"\",\"publisher\":{\"@id\":\"https:\/\/tienda.myremedyum.pt\/#organization\"},\"potentialAction\":[{\"@type\":\"SearchAction\",\"target\":{\"@type\":\"EntryPoint\",\"urlTemplate\":\"https:\/\/tienda.myremedyum.pt\/?s={search_term_string}\"},\"query-input\":{\"@type\":\"PropertyValueSpecification\",\"valueRequired\":true,\"valueName\":\"search_term_string\"}}],\"inLanguage\":\"pt-PT\"},{\"@type\":\"Organization\",\"@id\":\"https:\/\/tienda.myremedyum.pt\/#organization\",\"name\":\"My remedium\",\"url\":\"https:\/\/tienda.myremedyum.pt\/\",\"logo\":{\"@type\":\"ImageObject\",\"inLanguage\":\"pt-PT\",\"@id\":\"https:\/\/tienda.myremedyum.pt\/#\/schema\/logo\/image\/\",\"url\":\"https:\/\/tienda.myremedyum.pt\/wp-content\/uploads\/2025\/07\/Myremedium-1-1.svg\",\"contentUrl\":\"https:\/\/tienda.myremedyum.pt\/wp-content\/uploads\/2025\/07\/Myremedium-1-1.svg\",\"width\":635,\"height\":89,\"caption\":\"My remedium\"},\"image\":{\"@id\":\"https:\/\/tienda.myremedyum.pt\/#\/schema\/logo\/image\/\"}}]}<\/script>\n<!-- \/ Yoast SEO plugin. -->","yoast_head_json":{"title":"Inicio - Myremedium","robots":{"index":"index","follow":"follow","max-snippet":"max-snippet:-1","max-image-preview":"max-image-preview:large","max-video-preview":"max-video-preview:-1"},"canonical":"https:\/\/tienda.myremedyum.pt\/pt\/","og_locale":"pt_PT","og_type":"article","og_title":"Inicio - Myremedium","og_description":"MyRemedium Complementos naturales para tu salud integral F\u00f3rmulas innovadoras, seguras y respaldadas por la ciencia, dise\u00f1adas para profesionales del bienestar. Ir a tienda Top productos Sabemos lo que se siente cuando el estr\u00e9s, el cansancio o la falta de concentraci\u00f3n afectan tu d\u00eda a d\u00eda. En MyRemedium trabajamos con expertos en salud para crear soluciones naturales que restauran tu equilibrio f\u00edsico y mental. Descubre c\u00f3mo nuestras soluciones pueden ayudarte a ti y a tus pacientes. Recupera tu equilibrio con la ayuda de la naturaleza. Escrib\u00e9nos","og_url":"https:\/\/tienda.myremedyum.pt\/pt\/","og_site_name":"My remedium","article_modified_time":"2025-09-04T08:13:12+00:00","og_image":[{"width":801,"height":488,"url":"https:\/\/tienda.myremedyum.pt\/wp-content\/uploads\/2025\/07\/inicio-68808ba6bac39-1-e1753258640697.webp","type":"image\/webp"}],"twitter_card":"summary_large_image","twitter_misc":{"Tempo estimado de leitura":"2 minutos"},"schema":{"@context":"https:\/\/schema.org","@graph":[{"@type":"WebPage","@id":"https:\/\/tienda.myremedyum.pt\/","url":"https:\/\/tienda.myremedyum.pt\/","name":"Inicio - Myremedium","isPartOf":{"@id":"https:\/\/tienda.myremedyum.pt\/#website"},"primaryImageOfPage":{"@id":"https:\/\/tienda.myremedyum.pt\/#primaryimage"},"image":{"@id":"https:\/\/tienda.myremedyum.pt\/#primaryimage"},"thumbnailUrl":"https:\/\/tienda.myremedyum.pt\/wp-content\/uploads\/2025\/07\/inicio-68808ba6bac39-1-e1753258640697.webp","datePublished":"2025-07-23T07:39:18+00:00","dateModified":"2025-09-04T08:13:12+00:00","breadcrumb":{"@id":"https:\/\/tienda.myremedyum.pt\/#breadcrumb"},"inLanguage":"pt-PT","potentialAction":[{"@type":"ReadAction","target":["https:\/\/tienda.myremedyum.pt\/"]}]},{"@type":"ImageObject","inLanguage":"pt-PT","@id":"https:\/\/tienda.myremedyum.pt\/#primaryimage","url":"https:\/\/tienda.myremedyum.pt\/wp-content\/uploads\/2025\/07\/inicio-68808ba6bac39-1-e1753258640697.webp","contentUrl":"https:\/\/tienda.myremedyum.pt\/wp-content\/uploads\/2025\/07\/inicio-68808ba6bac39-1-e1753258640697.webp"},{"@type":"BreadcrumbList","@id":"https:\/\/tienda.myremedyum.pt\/#breadcrumb","itemListElement":[{"@type":"ListItem","position":1,"name":"Portada","item":"https:\/\/tienda.myremedyum.pt\/"},{"@type":"ListItem","position":2,"name":"Inicio"}]},{"@type":"WebSite","@id":"https:\/\/tienda.myremedyum.pt\/#website","url":"https:\/\/tienda.myremedyum.pt\/","name":"My remedium","description":"","publisher":{"@id":"https:\/\/tienda.myremedyum.pt\/#organization"},"potentialAction":[{"@type":"SearchAction","target":{"@type":"EntryPoint","urlTemplate":"https:\/\/tienda.myremedyum.pt\/?s={search_term_string}"},"query-input":{"@type":"PropertyValueSpecification","valueRequired":true,"valueName":"search_term_string"}}],"inLanguage":"pt-PT"},{"@type":"Organization","@id":"https:\/\/tienda.myremedyum.pt\/#organization","name":"My remedium","url":"https:\/\/tienda.myremedyum.pt\/","logo":{"@type":"ImageObject","inLanguage":"pt-PT","@id":"https:\/\/tienda.myremedyum.pt\/#\/schema\/logo\/image\/","url":"https:\/\/tienda.myremedyum.pt\/wp-content\/uploads\/2025\/07\/Myremedium-1-1.svg","contentUrl":"https:\/\/tienda.myremedyum.pt\/wp-content\/uploads\/2025\/07\/Myremedium-1-1.svg","width":635,"height":89,"caption":"My remedium"},"image":{"@id":"https:\/\/tienda.myremedyum.pt\/#\/schema\/logo\/image\/"}}]}},"_links":{"self":[{"href":"https:\/\/tienda.myremedyum.pt\/pt\/wp-json\/wp\/v2\/pages\/6","targetHints":{"allow":["GET"]}}],"collection":[{"href":"https:\/\/tienda.myremedyum.pt\/pt\/wp-json\/wp\/v2\/pages"}],"about":[{"href":"https:\/\/tienda.myremedyum.pt\/pt\/wp-json\/wp\/v2\/types\/page"}],"author":[{"embeddable":true,"href":"https:\/\/tienda.myremedyum.pt\/pt\/wp-json\/wp\/v2\/users\/1"}],"replies":[{"embeddable":true,"href":"https:\/\/tienda.myremedyum.pt\/pt\/wp-json\/wp\/v2\/comments?post=6"}],"version-history":[{"count":30,"href":"https:\/\/tienda.myremedyum.pt\/pt\/wp-json\/wp\/v2\/pages\/6\/revisions"}],"predecessor-version":[{"id":1824,"href":"https:\/\/tienda.myremedyum.pt\/pt\/wp-json\/wp\/v2\/pages\/6\/revisions\/1824"}],"wp:attachment":[{"href":"https:\/\/tienda.myremedyum.pt\/pt\/wp-json\/wp\/v2\/media?parent=6"}],"curies":[{"name":"wp","href":"https:\/\/api.w.org\/{rel}","templated":true}]}}