{"id":983,"date":"2025-07-31T14:21:53","date_gmt":"2025-07-31T12:21:53","guid":{"rendered":"https:\/\/tienda.myremedyum.pt\/?post_type=product&#038;p=983"},"modified":"2025-09-04T14:46:04","modified_gmt":"2025-09-04T12:46:04","slug":"remygar-spray","status":"publish","type":"product","link":"https:\/\/tienda.myremedyum.pt\/pt\/produto\/remygar-spray\/","title":{"rendered":"Remygar Spray"},"content":{"rendered":"<p data-start=\"298\" data-end=\"668\">Remygar Spray \u00e9 um suplemento em spray indicado para aliviar dores e irrita\u00e7\u00f5es de garganta. Combina ingredientes naturais como a pr\u00f3polis, o tomilho, a equin\u00e1cea e a hortel\u00e3, que possuem propriedades anti-inflamat\u00f3rias, antimicrobianas e calmantes. Ideal para usar v\u00e1rias vezes ao dia para reduzir o desconforto e melhorar a sensa\u00e7\u00e3o de bem-estar.<\/p>\n<p data-start=\"670\" data-end=\"736\">\ud83d\udc8a <strong data-start=\"673\" data-end=\"691\">Adequado para:<\/strong> pessoas com dor de garganta ou irrita\u00e7\u00e3o.<\/p>\n<p data-start=\"738\" data-end=\"772\">\ud83d\udce6 <strong data-start=\"741\" data-end=\"758\">Apresenta\u00e7\u00e3o:<\/strong> Recipiente em spray de 20 ml.<\/p>\n<p data-start=\"774\" data-end=\"826\">\ud83d\udccc <strong data-start=\"777\" data-end=\"799\">Dose recomendada:<\/strong> pulverize 3 vezes ao dia.<\/p>\n<p data-start=\"828\" data-end=\"910\">\ud83d\udeab <strong data-start=\"831\" data-end=\"848\">N\u00e3o \u00e9 adequado para:<\/strong> Cont\u00e9m \u00e1lcool; consulte a bula para mais informa\u00e7\u00f5es.<\/p>","protected":false},"excerpt":{"rendered":"<p data-start=\"152\" data-end=\"296\">Remygar Spray alivia as dores de garganta e irrita\u00e7\u00f5es gra\u00e7as \u00e0 sua f\u00f3rmula com pr\u00f3polis, tomilho, equin\u00e1cea e menta.<\/p>","protected":false},"featured_media":1831,"template":"","meta":[],"product_brand":[],"product_cat":[51],"product_tag":[],"class_list":{"0":"post-983","1":"product","2":"type-product","3":"status-publish","4":"has-post-thumbnail","6":"product_cat-sistema-bucofaringeo","8":"first","9":"instock","10":"shipping-taxable","11":"purchasable","12":"product-type-simple"},"yoast_head":"<!-- This site is optimized with the Yoast SEO plugin v25.7 - https:\/\/yoast.com\/wordpress\/plugins\/seo\/ -->\n<title>Remygar Spray - My remedium<\/title>\n<meta name=\"robots\" content=\"index, follow, max-snippet:-1, max-image-preview:large, max-video-preview:-1\" \/>\n<link rel=\"canonical\" href=\"https:\/\/tienda.myremedyum.pt\/pt\/produto\/remygar-spray\/\" \/>\n<meta property=\"og:locale\" content=\"pt_PT\" \/>\n<meta property=\"og:type\" content=\"article\" \/>\n<meta property=\"og:title\" content=\"Remygar Spray - My remedium\" \/>\n<meta property=\"og:description\" content=\"Remygar Spray calma el dolor y la irritaci\u00f3n de garganta gracias a su f\u00f3rmula con prop\u00f3leo, tomillo, equin\u00e1cea y menta.\" \/>\n<meta property=\"og:url\" content=\"https:\/\/tienda.myremedyum.pt\/pt\/produto\/remygar-spray\/\" \/>\n<meta property=\"og:site_name\" content=\"My remedium\" \/>\n<meta property=\"article:modified_time\" content=\"2025-09-04T12:46:04+00:00\" \/>\n<meta property=\"og:image\" content=\"https:\/\/tienda.myremedyum.pt\/wp-content\/uploads\/2025\/09\/remygar-spray-68b986f3105a0.webp\" \/>\n\t<meta property=\"og:image:width\" content=\"1001\" \/>\n\t<meta property=\"og:image:height\" content=\"1001\" \/>\n\t<meta property=\"og:image:type\" content=\"image\/webp\" \/>\n<meta name=\"twitter:card\" content=\"summary_large_image\" \/>\n<meta name=\"twitter:label1\" content=\"Tempo estimado de leitura\" \/>\n\t<meta name=\"twitter:data1\" content=\"1 minuto\" \/>\n<script type=\"application\/ld+json\" class=\"yoast-schema-graph\">{\"@context\":\"https:\/\/schema.org\",\"@graph\":[{\"@type\":\"WebPage\",\"@id\":\"https:\/\/tienda.myremedyum.pt\/producto\/remygar-spray\/\",\"url\":\"https:\/\/tienda.myremedyum.pt\/producto\/remygar-spray\/\",\"name\":\"Remygar Spray - My remedium\",\"isPartOf\":{\"@id\":\"https:\/\/tienda.myremedyum.pt\/#website\"},\"primaryImageOfPage\":{\"@id\":\"https:\/\/tienda.myremedyum.pt\/producto\/remygar-spray\/#primaryimage\"},\"image\":{\"@id\":\"https:\/\/tienda.myremedyum.pt\/producto\/remygar-spray\/#primaryimage\"},\"thumbnailUrl\":\"https:\/\/tienda.myremedyum.pt\/wp-content\/uploads\/2025\/09\/remygar-spray-68b986f3105a0.webp\",\"datePublished\":\"2025-07-31T12:21:53+00:00\",\"dateModified\":\"2025-09-04T12:46:04+00:00\",\"breadcrumb\":{\"@id\":\"https:\/\/tienda.myremedyum.pt\/producto\/remygar-spray\/#breadcrumb\"},\"inLanguage\":\"pt-PT\",\"potentialAction\":[{\"@type\":\"ReadAction\",\"target\":[\"https:\/\/tienda.myremedyum.pt\/producto\/remygar-spray\/\"]}]},{\"@type\":\"ImageObject\",\"inLanguage\":\"pt-PT\",\"@id\":\"https:\/\/tienda.myremedyum.pt\/producto\/remygar-spray\/#primaryimage\",\"url\":\"https:\/\/tienda.myremedyum.pt\/wp-content\/uploads\/2025\/09\/remygar-spray-68b986f3105a0.webp\",\"contentUrl\":\"https:\/\/tienda.myremedyum.pt\/wp-content\/uploads\/2025\/09\/remygar-spray-68b986f3105a0.webp\",\"width\":1001,\"height\":1001},{\"@type\":\"BreadcrumbList\",\"@id\":\"https:\/\/tienda.myremedyum.pt\/producto\/remygar-spray\/#breadcrumb\",\"itemListElement\":[{\"@type\":\"ListItem\",\"position\":1,\"name\":\"Portada\",\"item\":\"https:\/\/tienda.myremedyum.pt\/\"},{\"@type\":\"ListItem\",\"position\":2,\"name\":\"Tienda\",\"item\":\"https:\/\/tienda.myremedyum.pt\/tienda\/\"},{\"@type\":\"ListItem\",\"position\":3,\"name\":\"Remygar Spray\"}]},{\"@type\":\"WebSite\",\"@id\":\"https:\/\/tienda.myremedyum.pt\/#website\",\"url\":\"https:\/\/tienda.myremedyum.pt\/\",\"name\":\"My remedium\",\"description\":\"\",\"publisher\":{\"@id\":\"https:\/\/tienda.myremedyum.pt\/#organization\"},\"potentialAction\":[{\"@type\":\"SearchAction\",\"target\":{\"@type\":\"EntryPoint\",\"urlTemplate\":\"https:\/\/tienda.myremedyum.pt\/?s={search_term_string}\"},\"query-input\":{\"@type\":\"PropertyValueSpecification\",\"valueRequired\":true,\"valueName\":\"search_term_string\"}}],\"inLanguage\":\"pt-PT\"},{\"@type\":\"Organization\",\"@id\":\"https:\/\/tienda.myremedyum.pt\/#organization\",\"name\":\"My remedium\",\"url\":\"https:\/\/tienda.myremedyum.pt\/\",\"logo\":{\"@type\":\"ImageObject\",\"inLanguage\":\"pt-PT\",\"@id\":\"https:\/\/tienda.myremedyum.pt\/#\/schema\/logo\/image\/\",\"url\":\"https:\/\/tienda.myremedyum.pt\/wp-content\/uploads\/2025\/07\/Myremedium-1-1.svg\",\"contentUrl\":\"https:\/\/tienda.myremedyum.pt\/wp-content\/uploads\/2025\/07\/Myremedium-1-1.svg\",\"width\":635,\"height\":89,\"caption\":\"My remedium\"},\"image\":{\"@id\":\"https:\/\/tienda.myremedyum.pt\/#\/schema\/logo\/image\/\"}}]}<\/script>\n<!-- \/ Yoast SEO plugin. -->","yoast_head_json":{"title":"Remygar Spray - My remedium","robots":{"index":"index","follow":"follow","max-snippet":"max-snippet:-1","max-image-preview":"max-image-preview:large","max-video-preview":"max-video-preview:-1"},"canonical":"https:\/\/tienda.myremedyum.pt\/pt\/produto\/remygar-spray\/","og_locale":"pt_PT","og_type":"article","og_title":"Remygar Spray - My remedium","og_description":"Remygar Spray calma el dolor y la irritaci\u00f3n de garganta gracias a su f\u00f3rmula con prop\u00f3leo, tomillo, equin\u00e1cea y menta.","og_url":"https:\/\/tienda.myremedyum.pt\/pt\/produto\/remygar-spray\/","og_site_name":"My remedium","article_modified_time":"2025-09-04T12:46:04+00:00","og_image":[{"width":1001,"height":1001,"url":"https:\/\/tienda.myremedyum.pt\/wp-content\/uploads\/2025\/09\/remygar-spray-68b986f3105a0.webp","type":"image\/webp"}],"twitter_card":"summary_large_image","twitter_misc":{"Tempo estimado de leitura":"1 minuto"},"schema":{"@context":"https:\/\/schema.org","@graph":[{"@type":"WebPage","@id":"https:\/\/tienda.myremedyum.pt\/producto\/remygar-spray\/","url":"https:\/\/tienda.myremedyum.pt\/producto\/remygar-spray\/","name":"Remygar Spray - My remedium","isPartOf":{"@id":"https:\/\/tienda.myremedyum.pt\/#website"},"primaryImageOfPage":{"@id":"https:\/\/tienda.myremedyum.pt\/producto\/remygar-spray\/#primaryimage"},"image":{"@id":"https:\/\/tienda.myremedyum.pt\/producto\/remygar-spray\/#primaryimage"},"thumbnailUrl":"https:\/\/tienda.myremedyum.pt\/wp-content\/uploads\/2025\/09\/remygar-spray-68b986f3105a0.webp","datePublished":"2025-07-31T12:21:53+00:00","dateModified":"2025-09-04T12:46:04+00:00","breadcrumb":{"@id":"https:\/\/tienda.myremedyum.pt\/producto\/remygar-spray\/#breadcrumb"},"inLanguage":"pt-PT","potentialAction":[{"@type":"ReadAction","target":["https:\/\/tienda.myremedyum.pt\/producto\/remygar-spray\/"]}]},{"@type":"ImageObject","inLanguage":"pt-PT","@id":"https:\/\/tienda.myremedyum.pt\/producto\/remygar-spray\/#primaryimage","url":"https:\/\/tienda.myremedyum.pt\/wp-content\/uploads\/2025\/09\/remygar-spray-68b986f3105a0.webp","contentUrl":"https:\/\/tienda.myremedyum.pt\/wp-content\/uploads\/2025\/09\/remygar-spray-68b986f3105a0.webp","width":1001,"height":1001},{"@type":"BreadcrumbList","@id":"https:\/\/tienda.myremedyum.pt\/producto\/remygar-spray\/#breadcrumb","itemListElement":[{"@type":"ListItem","position":1,"name":"Portada","item":"https:\/\/tienda.myremedyum.pt\/"},{"@type":"ListItem","position":2,"name":"Tienda","item":"https:\/\/tienda.myremedyum.pt\/tienda\/"},{"@type":"ListItem","position":3,"name":"Remygar Spray"}]},{"@type":"WebSite","@id":"https:\/\/tienda.myremedyum.pt\/#website","url":"https:\/\/tienda.myremedyum.pt\/","name":"My remedium","description":"","publisher":{"@id":"https:\/\/tienda.myremedyum.pt\/#organization"},"potentialAction":[{"@type":"SearchAction","target":{"@type":"EntryPoint","urlTemplate":"https:\/\/tienda.myremedyum.pt\/?s={search_term_string}"},"query-input":{"@type":"PropertyValueSpecification","valueRequired":true,"valueName":"search_term_string"}}],"inLanguage":"pt-PT"},{"@type":"Organization","@id":"https:\/\/tienda.myremedyum.pt\/#organization","name":"My remedium","url":"https:\/\/tienda.myremedyum.pt\/","logo":{"@type":"ImageObject","inLanguage":"pt-PT","@id":"https:\/\/tienda.myremedyum.pt\/#\/schema\/logo\/image\/","url":"https:\/\/tienda.myremedyum.pt\/wp-content\/uploads\/2025\/07\/Myremedium-1-1.svg","contentUrl":"https:\/\/tienda.myremedyum.pt\/wp-content\/uploads\/2025\/07\/Myremedium-1-1.svg","width":635,"height":89,"caption":"My remedium"},"image":{"@id":"https:\/\/tienda.myremedyum.pt\/#\/schema\/logo\/image\/"}}]}},"_links":{"self":[{"href":"https:\/\/tienda.myremedyum.pt\/pt\/wp-json\/wp\/v2\/product\/983","targetHints":{"allow":["GET"]}}],"collection":[{"href":"https:\/\/tienda.myremedyum.pt\/pt\/wp-json\/wp\/v2\/product"}],"about":[{"href":"https:\/\/tienda.myremedyum.pt\/pt\/wp-json\/wp\/v2\/types\/product"}],"wp:featuredmedia":[{"embeddable":true,"href":"https:\/\/tienda.myremedyum.pt\/pt\/wp-json\/wp\/v2\/media\/1831"}],"wp:attachment":[{"href":"https:\/\/tienda.myremedyum.pt\/pt\/wp-json\/wp\/v2\/media?parent=983"}],"wp:term":[{"taxonomy":"product_brand","embeddable":true,"href":"https:\/\/tienda.myremedyum.pt\/pt\/wp-json\/wp\/v2\/product_brand?post=983"},{"taxonomy":"product_cat","embeddable":true,"href":"https:\/\/tienda.myremedyum.pt\/pt\/wp-json\/wp\/v2\/product_cat?post=983"},{"taxonomy":"product_tag","embeddable":true,"href":"https:\/\/tienda.myremedyum.pt\/pt\/wp-json\/wp\/v2\/product_tag?post=983"}],"curies":[{"name":"wp","href":"https:\/\/api.w.org\/{rel}","templated":true}]}}