{"id":984,"date":"2025-07-31T14:22:12","date_gmt":"2025-07-31T12:22:12","guid":{"rendered":"https:\/\/tienda.myremedyum.pt\/?post_type=product&#038;p=984"},"modified":"2025-09-04T14:46:34","modified_gmt":"2025-09-04T12:46:34","slug":"remygar-comp","status":"publish","type":"product","link":"https:\/\/tienda.myremedyum.pt\/pt\/produto\/remygar-comp\/","title":{"rendered":"Remygar Comp"},"content":{"rendered":"<p data-start=\"327\" data-end=\"714\">Remygar Comp. \u00e9 um suplemento alimentar indicado para o al\u00edvio de desconfortos na garganta, como dor e irrita\u00e7\u00e3o. A sua combina\u00e7\u00e3o de pr\u00f3polis, extratos vegetais e sabugueiro proporciona propriedades antimicrobianas e anti-inflamat\u00f3rias, enquanto a vitamina D e o zinco refor\u00e7am o sistema imunit\u00e1rio. Ideal para utiliza\u00e7\u00e3o em casos ligeiros de dor de garganta.<\/p>\n<p data-start=\"716\" data-end=\"782\">\ud83d\udc8a <strong data-start=\"719\" data-end=\"737\">Adequado para:<\/strong> pessoas com dor de garganta ou irrita\u00e7\u00e3o.<\/p>\n<p data-start=\"784\" data-end=\"817\">\ud83d\udce6 <strong data-start=\"787\" data-end=\"804\">Apresenta\u00e7\u00e3o:<\/strong> 15 comprimidos.<\/p>\n<p data-start=\"819\" data-end=\"871\">\ud83d\udccc <strong data-start=\"822\" data-end=\"844\">Dose recomendada:<\/strong> 1 comprimido de 8 em 8 horas.<\/p>\n<p data-start=\"873\" data-end=\"952\">\ud83d\udeab <strong data-start=\"876\" data-end=\"893\">N\u00e3o \u00e9 adequado para:<\/strong> consulte o folheto para contraindica\u00e7\u00f5es espec\u00edficas.<\/p>","protected":false},"excerpt":{"rendered":"<p data-start=\"873\" data-end=\"952\">Remygar Comp. ajuda a aliviar a dor de garganta e a irrita\u00e7\u00e3o com uma f\u00f3rmula de pr\u00f3polis, extratos vegetais, vitamina D, zinco e sabugueiro.<\/p>","protected":false},"featured_media":1830,"template":"","meta":[],"product_brand":[],"product_cat":[51],"product_tag":[],"class_list":{"0":"post-984","1":"product","2":"type-product","3":"status-publish","4":"has-post-thumbnail","6":"product_cat-sistema-bucofaringeo","8":"first","9":"instock","10":"shipping-taxable","11":"purchasable","12":"product-type-simple"},"yoast_head":"<!-- This site is optimized with the Yoast SEO plugin v25.7 - https:\/\/yoast.com\/wordpress\/plugins\/seo\/ -->\n<title>Remygar Comp - My remedium<\/title>\n<meta name=\"robots\" content=\"index, follow, max-snippet:-1, max-image-preview:large, max-video-preview:-1\" \/>\n<link rel=\"canonical\" href=\"https:\/\/tienda.myremedyum.pt\/pt\/produto\/remygar-comp\/\" \/>\n<meta property=\"og:locale\" content=\"pt_PT\" \/>\n<meta property=\"og:type\" content=\"article\" \/>\n<meta property=\"og:title\" content=\"Remygar Comp - My remedium\" \/>\n<meta property=\"og:description\" content=\"Remygar Comp. ayuda a calmar el dolor e irritaci\u00f3n de garganta con una f\u00f3rmula de prop\u00f3leo, extractos vegetales, vitamina D, zinc y sa\u00faco.\" \/>\n<meta property=\"og:url\" content=\"https:\/\/tienda.myremedyum.pt\/pt\/produto\/remygar-comp\/\" \/>\n<meta property=\"og:site_name\" content=\"My remedium\" \/>\n<meta property=\"article:modified_time\" content=\"2025-09-04T12:46:34+00:00\" \/>\n<meta property=\"og:image\" content=\"https:\/\/tienda.myremedyum.pt\/wp-content\/uploads\/2025\/09\/remygar-pasti-68b986f202b89.webp\" \/>\n\t<meta property=\"og:image:width\" content=\"1001\" \/>\n\t<meta property=\"og:image:height\" content=\"1001\" \/>\n\t<meta property=\"og:image:type\" content=\"image\/webp\" \/>\n<meta name=\"twitter:card\" content=\"summary_large_image\" \/>\n<meta name=\"twitter:label1\" content=\"Tempo estimado de leitura\" \/>\n\t<meta name=\"twitter:data1\" content=\"1 minuto\" \/>\n<script type=\"application\/ld+json\" class=\"yoast-schema-graph\">{\"@context\":\"https:\/\/schema.org\",\"@graph\":[{\"@type\":\"WebPage\",\"@id\":\"https:\/\/tienda.myremedyum.pt\/producto\/remygar-comp\/\",\"url\":\"https:\/\/tienda.myremedyum.pt\/producto\/remygar-comp\/\",\"name\":\"Remygar Comp - My remedium\",\"isPartOf\":{\"@id\":\"https:\/\/tienda.myremedyum.pt\/#website\"},\"primaryImageOfPage\":{\"@id\":\"https:\/\/tienda.myremedyum.pt\/producto\/remygar-comp\/#primaryimage\"},\"image\":{\"@id\":\"https:\/\/tienda.myremedyum.pt\/producto\/remygar-comp\/#primaryimage\"},\"thumbnailUrl\":\"https:\/\/tienda.myremedyum.pt\/wp-content\/uploads\/2025\/09\/remygar-pasti-68b986f202b89.webp\",\"datePublished\":\"2025-07-31T12:22:12+00:00\",\"dateModified\":\"2025-09-04T12:46:34+00:00\",\"breadcrumb\":{\"@id\":\"https:\/\/tienda.myremedyum.pt\/producto\/remygar-comp\/#breadcrumb\"},\"inLanguage\":\"pt-PT\",\"potentialAction\":[{\"@type\":\"ReadAction\",\"target\":[\"https:\/\/tienda.myremedyum.pt\/producto\/remygar-comp\/\"]}]},{\"@type\":\"ImageObject\",\"inLanguage\":\"pt-PT\",\"@id\":\"https:\/\/tienda.myremedyum.pt\/producto\/remygar-comp\/#primaryimage\",\"url\":\"https:\/\/tienda.myremedyum.pt\/wp-content\/uploads\/2025\/09\/remygar-pasti-68b986f202b89.webp\",\"contentUrl\":\"https:\/\/tienda.myremedyum.pt\/wp-content\/uploads\/2025\/09\/remygar-pasti-68b986f202b89.webp\",\"width\":1001,\"height\":1001},{\"@type\":\"BreadcrumbList\",\"@id\":\"https:\/\/tienda.myremedyum.pt\/producto\/remygar-comp\/#breadcrumb\",\"itemListElement\":[{\"@type\":\"ListItem\",\"position\":1,\"name\":\"Portada\",\"item\":\"https:\/\/tienda.myremedyum.pt\/\"},{\"@type\":\"ListItem\",\"position\":2,\"name\":\"Tienda\",\"item\":\"https:\/\/tienda.myremedyum.pt\/tienda\/\"},{\"@type\":\"ListItem\",\"position\":3,\"name\":\"Remygar Comp\"}]},{\"@type\":\"WebSite\",\"@id\":\"https:\/\/tienda.myremedyum.pt\/#website\",\"url\":\"https:\/\/tienda.myremedyum.pt\/\",\"name\":\"My remedium\",\"description\":\"\",\"publisher\":{\"@id\":\"https:\/\/tienda.myremedyum.pt\/#organization\"},\"potentialAction\":[{\"@type\":\"SearchAction\",\"target\":{\"@type\":\"EntryPoint\",\"urlTemplate\":\"https:\/\/tienda.myremedyum.pt\/?s={search_term_string}\"},\"query-input\":{\"@type\":\"PropertyValueSpecification\",\"valueRequired\":true,\"valueName\":\"search_term_string\"}}],\"inLanguage\":\"pt-PT\"},{\"@type\":\"Organization\",\"@id\":\"https:\/\/tienda.myremedyum.pt\/#organization\",\"name\":\"My remedium\",\"url\":\"https:\/\/tienda.myremedyum.pt\/\",\"logo\":{\"@type\":\"ImageObject\",\"inLanguage\":\"pt-PT\",\"@id\":\"https:\/\/tienda.myremedyum.pt\/#\/schema\/logo\/image\/\",\"url\":\"https:\/\/tienda.myremedyum.pt\/wp-content\/uploads\/2025\/07\/Myremedium-1-1.svg\",\"contentUrl\":\"https:\/\/tienda.myremedyum.pt\/wp-content\/uploads\/2025\/07\/Myremedium-1-1.svg\",\"width\":635,\"height\":89,\"caption\":\"My remedium\"},\"image\":{\"@id\":\"https:\/\/tienda.myremedyum.pt\/#\/schema\/logo\/image\/\"}}]}<\/script>\n<!-- \/ Yoast SEO plugin. -->","yoast_head_json":{"title":"Remygar Comp - My remedium","robots":{"index":"index","follow":"follow","max-snippet":"max-snippet:-1","max-image-preview":"max-image-preview:large","max-video-preview":"max-video-preview:-1"},"canonical":"https:\/\/tienda.myremedyum.pt\/pt\/produto\/remygar-comp\/","og_locale":"pt_PT","og_type":"article","og_title":"Remygar Comp - My remedium","og_description":"Remygar Comp. ayuda a calmar el dolor e irritaci\u00f3n de garganta con una f\u00f3rmula de prop\u00f3leo, extractos vegetales, vitamina D, zinc y sa\u00faco.","og_url":"https:\/\/tienda.myremedyum.pt\/pt\/produto\/remygar-comp\/","og_site_name":"My remedium","article_modified_time":"2025-09-04T12:46:34+00:00","og_image":[{"width":1001,"height":1001,"url":"https:\/\/tienda.myremedyum.pt\/wp-content\/uploads\/2025\/09\/remygar-pasti-68b986f202b89.webp","type":"image\/webp"}],"twitter_card":"summary_large_image","twitter_misc":{"Tempo estimado de leitura":"1 minuto"},"schema":{"@context":"https:\/\/schema.org","@graph":[{"@type":"WebPage","@id":"https:\/\/tienda.myremedyum.pt\/producto\/remygar-comp\/","url":"https:\/\/tienda.myremedyum.pt\/producto\/remygar-comp\/","name":"Remygar Comp - My remedium","isPartOf":{"@id":"https:\/\/tienda.myremedyum.pt\/#website"},"primaryImageOfPage":{"@id":"https:\/\/tienda.myremedyum.pt\/producto\/remygar-comp\/#primaryimage"},"image":{"@id":"https:\/\/tienda.myremedyum.pt\/producto\/remygar-comp\/#primaryimage"},"thumbnailUrl":"https:\/\/tienda.myremedyum.pt\/wp-content\/uploads\/2025\/09\/remygar-pasti-68b986f202b89.webp","datePublished":"2025-07-31T12:22:12+00:00","dateModified":"2025-09-04T12:46:34+00:00","breadcrumb":{"@id":"https:\/\/tienda.myremedyum.pt\/producto\/remygar-comp\/#breadcrumb"},"inLanguage":"pt-PT","potentialAction":[{"@type":"ReadAction","target":["https:\/\/tienda.myremedyum.pt\/producto\/remygar-comp\/"]}]},{"@type":"ImageObject","inLanguage":"pt-PT","@id":"https:\/\/tienda.myremedyum.pt\/producto\/remygar-comp\/#primaryimage","url":"https:\/\/tienda.myremedyum.pt\/wp-content\/uploads\/2025\/09\/remygar-pasti-68b986f202b89.webp","contentUrl":"https:\/\/tienda.myremedyum.pt\/wp-content\/uploads\/2025\/09\/remygar-pasti-68b986f202b89.webp","width":1001,"height":1001},{"@type":"BreadcrumbList","@id":"https:\/\/tienda.myremedyum.pt\/producto\/remygar-comp\/#breadcrumb","itemListElement":[{"@type":"ListItem","position":1,"name":"Portada","item":"https:\/\/tienda.myremedyum.pt\/"},{"@type":"ListItem","position":2,"name":"Tienda","item":"https:\/\/tienda.myremedyum.pt\/tienda\/"},{"@type":"ListItem","position":3,"name":"Remygar Comp"}]},{"@type":"WebSite","@id":"https:\/\/tienda.myremedyum.pt\/#website","url":"https:\/\/tienda.myremedyum.pt\/","name":"My remedium","description":"","publisher":{"@id":"https:\/\/tienda.myremedyum.pt\/#organization"},"potentialAction":[{"@type":"SearchAction","target":{"@type":"EntryPoint","urlTemplate":"https:\/\/tienda.myremedyum.pt\/?s={search_term_string}"},"query-input":{"@type":"PropertyValueSpecification","valueRequired":true,"valueName":"search_term_string"}}],"inLanguage":"pt-PT"},{"@type":"Organization","@id":"https:\/\/tienda.myremedyum.pt\/#organization","name":"My remedium","url":"https:\/\/tienda.myremedyum.pt\/","logo":{"@type":"ImageObject","inLanguage":"pt-PT","@id":"https:\/\/tienda.myremedyum.pt\/#\/schema\/logo\/image\/","url":"https:\/\/tienda.myremedyum.pt\/wp-content\/uploads\/2025\/07\/Myremedium-1-1.svg","contentUrl":"https:\/\/tienda.myremedyum.pt\/wp-content\/uploads\/2025\/07\/Myremedium-1-1.svg","width":635,"height":89,"caption":"My remedium"},"image":{"@id":"https:\/\/tienda.myremedyum.pt\/#\/schema\/logo\/image\/"}}]}},"_links":{"self":[{"href":"https:\/\/tienda.myremedyum.pt\/pt\/wp-json\/wp\/v2\/product\/984","targetHints":{"allow":["GET"]}}],"collection":[{"href":"https:\/\/tienda.myremedyum.pt\/pt\/wp-json\/wp\/v2\/product"}],"about":[{"href":"https:\/\/tienda.myremedyum.pt\/pt\/wp-json\/wp\/v2\/types\/product"}],"wp:featuredmedia":[{"embeddable":true,"href":"https:\/\/tienda.myremedyum.pt\/pt\/wp-json\/wp\/v2\/media\/1830"}],"wp:attachment":[{"href":"https:\/\/tienda.myremedyum.pt\/pt\/wp-json\/wp\/v2\/media?parent=984"}],"wp:term":[{"taxonomy":"product_brand","embeddable":true,"href":"https:\/\/tienda.myremedyum.pt\/pt\/wp-json\/wp\/v2\/product_brand?post=984"},{"taxonomy":"product_cat","embeddable":true,"href":"https:\/\/tienda.myremedyum.pt\/pt\/wp-json\/wp\/v2\/product_cat?post=984"},{"taxonomy":"product_tag","embeddable":true,"href":"https:\/\/tienda.myremedyum.pt\/pt\/wp-json\/wp\/v2\/product_tag?post=984"}],"curies":[{"name":"wp","href":"https:\/\/api.w.org\/{rel}","templated":true}]}}